{"id":3917,"date":"2020-04-03T00:38:00","date_gmt":"2020-04-02T22:38:00","guid":{"rendered":"https:\/\/pragacup.cz\/leto\/?page_id=3917"},"modified":"2020-04-29T18:11:09","modified_gmt":"2020-04-29T16:11:09","slug":"facebook","status":"publish","type":"page","link":"https:\/\/pragacup.cz\/leto\/facebook\/","title":{"rendered":"Facebook"},"content":{"rendered":"\t\t<div data-elementor-type=\"wp-page\" data-elementor-id=\"3917\" class=\"elementor elementor-3917\">\n\t\t\t\t\t\t<section class=\"elementor-section elementor-top-section elementor-element elementor-element-0357ab0 elementor-section-stretched elementor-section-boxed elementor-section-height-default elementor-section-height-default\" data-id=\"0357ab0\" data-element_type=\"section\" data-settings=\"{&quot;stretch_section&quot;:&quot;section-stretched&quot;,&quot;_ha_eqh_enable&quot;:false}\">\n\t\t\t\t\t\t<div class=\"elementor-container elementor-column-gap-default\">\n\t\t\t\t\t<div class=\"elementor-column elementor-col-100 elementor-top-column elementor-element elementor-element-d9323fa\" data-id=\"d9323fa\" data-element_type=\"column\">\n\t\t\t<div class=\"elementor-widget-wrap elementor-element-populated\">\n\t\t\t\t\t\t<div class=\"elementor-element elementor-element-54843c1 elementor-widget elementor-widget-spacer\" data-id=\"54843c1\" data-element_type=\"widget\" data-widget_type=\"spacer.default\">\n\t\t\t\t<div class=\"elementor-widget-container\">\n\t\t\t\t\t<div class=\"elementor-spacer\">\n\t\t\t<div class=\"elementor-spacer-inner\"><\/div>\n\t\t<\/div>\n\t\t\t\t<\/div>\n\t\t\t\t<\/div>\n\t\t\t\t\t<\/div>\n\t\t<\/div>\n\t\t\t\t\t<\/div>\n\t\t<\/section>\n\t\t\t\t<section class=\"elementor-section elementor-top-section elementor-element elementor-element-ccac09e elementor-section-boxed elementor-section-height-default elementor-section-height-default\" data-id=\"ccac09e\" data-element_type=\"section\" data-settings=\"{&quot;_ha_eqh_enable&quot;:false}\">\n\t\t\t\t\t\t<div class=\"elementor-container elementor-column-gap-default\">\n\t\t\t\t\t<div class=\"elementor-column elementor-col-100 elementor-top-column elementor-element elementor-element-e235f74\" data-id=\"e235f74\" data-element_type=\"column\">\n\t\t\t<div class=\"elementor-widget-wrap elementor-element-populated\">\n\t\t\t\t\t\t<div class=\"elementor-element elementor-element-2133f54 elementor-widget elementor-widget-heading\" data-id=\"2133f54\" data-element_type=\"widget\" data-widget_type=\"heading.default\">\n\t\t\t\t<div class=\"elementor-widget-container\">\n\t\t\t<h5 class=\"elementor-heading-title elementor-size-default\">FACEBOOK<\/h5>\t\t<\/div>\n\t\t\t\t<\/div>\n\t\t\t\t<div class=\"elementor-element elementor-element-d61478e elementor-widget elementor-widget-spacer\" data-id=\"d61478e\" data-element_type=\"widget\" data-widget_type=\"spacer.default\">\n\t\t\t\t<div class=\"elementor-widget-container\">\n\t\t\t\t\t<div class=\"elementor-spacer\">\n\t\t\t<div class=\"elementor-spacer-inner\"><\/div>\n\t\t<\/div>\n\t\t\t\t<\/div>\n\t\t\t\t<\/div>\n\t\t\t\t<div class=\"elementor-element elementor-element-0dbad43 elementor-widget elementor-widget-shortcode\" data-id=\"0dbad43\" data-element_type=\"widget\" data-widget_type=\"shortcode.default\">\n\t\t\t\t<div class=\"elementor-widget-container\">\n\t\t\t\t\t<div class=\"elementor-shortcode\"><div class=\"cff-wrapper\"><div class=\"cff-wrapper-ctn \" ><div id=\"cff\"  class=\"cff cff-list-container cff-masonry masonry-2-desktop masonry-2-mobile masonry-2-desktop masonry-2-mobile masonry-2-tablet cff-masonry-js cff-default-styles  cff-mob-cols-2\"   style=\"width:100%;\"   data-char=\"400\"  data-cff-flags=\"gdpr\" ><div class=\"cff-error-msg\">\n\t<div>\n\t\t<i class=\"fa fa-lock\" aria-hidden=\"true\" style=\"margin-right: 5px;\"><\/i><b>This message is only visible to admins.<\/b><br\/>\n\t\tProblem displaying Facebook posts. Backup cache in use.\t\t\t\t\t<br\/><a href=\"javascript:void(0);\" id=\"cff-show-error\" onclick=\"cffShowError()\">Click to show error<\/a>\n\t\t\t<script type=\"text\/javascript\">function cffShowError() { document.getElementById(\"cff-error-reason\").style.display = \"block\"; document.getElementById(\"cff-show-error\").style.display = \"none\"; }<\/script>\n\t\t\t<\/div>\n\t\t\t<div id=\"cff-error-reason\">\n\t\t\t\t\t\t\t\t\t<b>Error:<\/b> The user must be an administrator, editor, or moderator of the page in order to impersonate it. If the page business requires Two Factor Authentication, the user also needs to enable Two Factor Authentication.\t\t\t\t\t\t\t\t\t\t\t\t\t<b>Type:<\/b> OAuthException\t\t\t\t\t\t\t\t\t\t\t\t\t\t\t\t\t\t\t\t\t\t\t\t\t\t\t\t\n\t\t\t<\/div>\n\t\t\t\t\n<\/div>\n<div class=\"cff-posts-wrap\"><\/div><input class=\"cff-pag-url\" type=\"hidden\" data-locatornonce=\"ae6327584b\" data-cff-shortcode=\"\" data-post-id=\"3917\" data-feed-id=\"427542157316010\"><\/div><\/div><div class=\"cff-clear\"><\/div><\/div><style>#cff .cff-post-text a{ color: #000000; }<\/style><\/div>\n\t\t\t\t<\/div>\n\t\t\t\t<\/div>\n\t\t\t\t\t<\/div>\n\t\t<\/div>\n\t\t\t\t\t<\/div>\n\t\t<\/section>\n\t\t\t\t<section class=\"elementor-section elementor-top-section elementor-element elementor-element-b793649 elementor-section-stretched elementor-section-boxed elementor-section-height-default elementor-section-height-default\" data-id=\"b793649\" data-element_type=\"section\" data-settings=\"{&quot;stretch_section&quot;:&quot;section-stretched&quot;,&quot;_ha_eqh_enable&quot;:false}\">\n\t\t\t\t\t\t<div class=\"elementor-container elementor-column-gap-default\">\n\t\t\t\t\t<div class=\"elementor-column elementor-col-100 elementor-top-column elementor-element elementor-element-f35dbf8\" data-id=\"f35dbf8\" data-element_type=\"column\">\n\t\t\t<div class=\"elementor-widget-wrap elementor-element-populated\">\n\t\t\t\t\t\t<div class=\"elementor-element elementor-element-72a2bbe elementor-widget elementor-widget-spacer\" data-id=\"72a2bbe\" data-element_type=\"widget\" data-widget_type=\"spacer.default\">\n\t\t\t\t<div class=\"elementor-widget-container\">\n\t\t\t\t\t<div class=\"elementor-spacer\">\n\t\t\t<div class=\"elementor-spacer-inner\"><\/div>\n\t\t<\/div>\n\t\t\t\t<\/div>\n\t\t\t\t<\/div>\n\t\t\t\t\t<\/div>\n\t\t<\/div>\n\t\t\t\t\t<\/div>\n\t\t<\/section>\n\t\t\t\t<\/div>\n\t\t","protected":false},"excerpt":{"rendered":"<p>FACEBOOK<\/p>\n","protected":false},"author":1,"featured_media":4143,"parent":0,"menu_order":0,"comment_status":"closed","ping_status":"closed","template":"","meta":{"site-sidebar-layout":"default","site-content-layout":"","ast-site-content-layout":"","site-content-style":"default","site-sidebar-style":"default","ast-global-header-display":"","ast-banner-title-visibility":"","ast-main-header-display":"","ast-hfb-above-header-display":"","ast-hfb-below-header-display":"","ast-hfb-mobile-header-display":"","site-post-title":"","ast-breadcrumbs-content":"","ast-featured-img":"","footer-sml-layout":"","theme-transparent-header-meta":"","adv-header-id-meta":"","stick-header-meta":"","header-above-stick-meta":"","header-main-stick-meta":"","header-below-stick-meta":"","astra-migrate-meta-layouts":"default","ast-page-background-enabled":"default","ast-page-background-meta":{"desktop":{"background-color":"var(--ast-global-color-4)","background-image":"","background-repeat":"repeat","background-position":"center center","background-size":"auto","background-attachment":"scroll","background-type":"","background-media":"","overlay-type":"","overlay-color":"","overlay-gradient":""},"tablet":{"background-color":"","background-image":"","background-repeat":"repeat","background-position":"center center","background-size":"auto","background-attachment":"scroll","background-type":"","background-media":"","overlay-type":"","overlay-color":"","overlay-gradient":""},"mobile":{"background-color":"","background-image":"","background-repeat":"repeat","background-position":"center center","background-size":"auto","background-attachment":"scroll","background-type":"","background-media":"","overlay-type":"","overlay-color":"","overlay-gradient":""}},"ast-content-background-meta":{"desktop":{"background-color":"var(--ast-global-color-5)","background-image":"","background-repeat":"repeat","background-position":"center center","background-size":"auto","background-attachment":"scroll","background-type":"","background-media":"","overlay-type":"","overlay-color":"","overlay-gradient":""},"tablet":{"background-color":"var(--ast-global-color-5)","background-image":"","background-repeat":"repeat","background-position":"center center","background-size":"auto","background-attachment":"scroll","background-type":"","background-media":"","overlay-type":"","overlay-color":"","overlay-gradient":""},"mobile":{"background-color":"var(--ast-global-color-5)","background-image":"","background-repeat":"repeat","background-position":"center center","background-size":"auto","background-attachment":"scroll","background-type":"","background-media":"","overlay-type":"","overlay-color":"","overlay-gradient":""}},"footnotes":""},"yoast_head":"<!-- This site is optimized with the Yoast SEO plugin v22.5 - https:\/\/yoast.com\/wordpress\/plugins\/seo\/ -->\n<title>Facebook -<\/title>\n<meta name=\"description\" content=\"Organizace PragaCup tak\u00e9 vystupuje na soci\u00e1ln\u00edch s\u00edt\u00edch, jako je nap\u0159\u00edklad Facebook a Instagram. Sd\u00edl\u00edme tam spoustu fotek a vide\u00ed z akc\u00ed.\" \/>\n<meta name=\"robots\" content=\"index, follow, max-snippet:-1, max-image-preview:large, max-video-preview:-1\" \/>\n<link rel=\"canonical\" href=\"https:\/\/pragacup.cz\/leto\/facebook\/\" \/>\n<meta property=\"og:locale\" content=\"cs_CZ\" \/>\n<meta property=\"og:type\" content=\"article\" \/>\n<meta property=\"og:title\" content=\"Facebook -\" \/>\n<meta property=\"og:description\" content=\"Organizace PragaCup tak\u00e9 vystupuje na soci\u00e1ln\u00edch s\u00edt\u00edch, jako je nap\u0159\u00edklad Facebook a Instagram. Sd\u00edl\u00edme tam spoustu fotek a vide\u00ed z akc\u00ed.\" \/>\n<meta property=\"og:url\" content=\"https:\/\/pragacup.cz\/leto\/facebook\/\" \/>\n<meta property=\"article:modified_time\" content=\"2020-04-29T16:11:09+00:00\" \/>\n<meta property=\"og:image\" content=\"https:\/\/pragacup.cz\/leto\/wp-content\/uploads\/2020\/04\/web_icon_leto_pragacup.png\" \/>\n\t<meta property=\"og:image:width\" content=\"512\" \/>\n\t<meta property=\"og:image:height\" content=\"512\" \/>\n\t<meta property=\"og:image:type\" content=\"image\/png\" \/>\n<meta name=\"twitter:card\" content=\"summary_large_image\" \/>\n<script type=\"application\/ld+json\" class=\"yoast-schema-graph\">{\"@context\":\"https:\/\/schema.org\",\"@graph\":[{\"@type\":\"WebPage\",\"@id\":\"https:\/\/pragacup.cz\/leto\/facebook\/\",\"url\":\"https:\/\/pragacup.cz\/leto\/facebook\/\",\"name\":\"Facebook -\",\"isPartOf\":{\"@id\":\"https:\/\/pragacup.cz\/leto\/#website\"},\"primaryImageOfPage\":{\"@id\":\"https:\/\/pragacup.cz\/leto\/facebook\/#primaryimage\"},\"image\":{\"@id\":\"https:\/\/pragacup.cz\/leto\/facebook\/#primaryimage\"},\"thumbnailUrl\":\"https:\/\/pragacup.cz\/leto\/wp-content\/uploads\/2020\/04\/web_icon_leto_pragacup.png\",\"datePublished\":\"2020-04-02T22:38:00+00:00\",\"dateModified\":\"2020-04-29T16:11:09+00:00\",\"description\":\"Organizace PragaCup tak\u00e9 vystupuje na soci\u00e1ln\u00edch s\u00edt\u00edch, jako je nap\u0159\u00edklad Facebook a Instagram. Sd\u00edl\u00edme tam spoustu fotek a vide\u00ed z akc\u00ed.\",\"breadcrumb\":{\"@id\":\"https:\/\/pragacup.cz\/leto\/facebook\/#breadcrumb\"},\"inLanguage\":\"cs\",\"potentialAction\":[{\"@type\":\"ReadAction\",\"target\":[\"https:\/\/pragacup.cz\/leto\/facebook\/\"]}]},{\"@type\":\"ImageObject\",\"inLanguage\":\"cs\",\"@id\":\"https:\/\/pragacup.cz\/leto\/facebook\/#primaryimage\",\"url\":\"https:\/\/pragacup.cz\/leto\/wp-content\/uploads\/2020\/04\/web_icon_leto_pragacup.png\",\"contentUrl\":\"https:\/\/pragacup.cz\/leto\/wp-content\/uploads\/2020\/04\/web_icon_leto_pragacup.png\",\"width\":512,\"height\":512},{\"@type\":\"BreadcrumbList\",\"@id\":\"https:\/\/pragacup.cz\/leto\/facebook\/#breadcrumb\",\"itemListElement\":[{\"@type\":\"ListItem\",\"position\":1,\"name\":\"Dom\u016f\",\"item\":\"https:\/\/pragacup.cz\/leto\/\"},{\"@type\":\"ListItem\",\"position\":2,\"name\":\"Facebook\"}]},{\"@type\":\"WebSite\",\"@id\":\"https:\/\/pragacup.cz\/leto\/#website\",\"url\":\"https:\/\/pragacup.cz\/leto\/\",\"name\":\"\",\"description\":\"Letn\u00ed fotbalov\u00fd turnaj\",\"potentialAction\":[{\"@type\":\"SearchAction\",\"target\":{\"@type\":\"EntryPoint\",\"urlTemplate\":\"https:\/\/pragacup.cz\/leto\/?s={search_term_string}\"},\"query-input\":\"required name=search_term_string\"}],\"inLanguage\":\"cs\"}]}<\/script>\n<!-- \/ Yoast SEO plugin. -->","yoast_head_json":{"title":"Facebook -","description":"Organizace PragaCup tak\u00e9 vystupuje na soci\u00e1ln\u00edch s\u00edt\u00edch, jako je nap\u0159\u00edklad Facebook a Instagram. Sd\u00edl\u00edme tam spoustu fotek a vide\u00ed z akc\u00ed.","robots":{"index":"index","follow":"follow","max-snippet":"max-snippet:-1","max-image-preview":"max-image-preview:large","max-video-preview":"max-video-preview:-1"},"canonical":"https:\/\/pragacup.cz\/leto\/facebook\/","og_locale":"cs_CZ","og_type":"article","og_title":"Facebook -","og_description":"Organizace PragaCup tak\u00e9 vystupuje na soci\u00e1ln\u00edch s\u00edt\u00edch, jako je nap\u0159\u00edklad Facebook a Instagram. Sd\u00edl\u00edme tam spoustu fotek a vide\u00ed z akc\u00ed.","og_url":"https:\/\/pragacup.cz\/leto\/facebook\/","article_modified_time":"2020-04-29T16:11:09+00:00","og_image":[{"width":512,"height":512,"url":"https:\/\/pragacup.cz\/leto\/wp-content\/uploads\/2020\/04\/web_icon_leto_pragacup.png","type":"image\/png"}],"twitter_card":"summary_large_image","schema":{"@context":"https:\/\/schema.org","@graph":[{"@type":"WebPage","@id":"https:\/\/pragacup.cz\/leto\/facebook\/","url":"https:\/\/pragacup.cz\/leto\/facebook\/","name":"Facebook -","isPartOf":{"@id":"https:\/\/pragacup.cz\/leto\/#website"},"primaryImageOfPage":{"@id":"https:\/\/pragacup.cz\/leto\/facebook\/#primaryimage"},"image":{"@id":"https:\/\/pragacup.cz\/leto\/facebook\/#primaryimage"},"thumbnailUrl":"https:\/\/pragacup.cz\/leto\/wp-content\/uploads\/2020\/04\/web_icon_leto_pragacup.png","datePublished":"2020-04-02T22:38:00+00:00","dateModified":"2020-04-29T16:11:09+00:00","description":"Organizace PragaCup tak\u00e9 vystupuje na soci\u00e1ln\u00edch s\u00edt\u00edch, jako je nap\u0159\u00edklad Facebook a Instagram. Sd\u00edl\u00edme tam spoustu fotek a vide\u00ed z akc\u00ed.","breadcrumb":{"@id":"https:\/\/pragacup.cz\/leto\/facebook\/#breadcrumb"},"inLanguage":"cs","potentialAction":[{"@type":"ReadAction","target":["https:\/\/pragacup.cz\/leto\/facebook\/"]}]},{"@type":"ImageObject","inLanguage":"cs","@id":"https:\/\/pragacup.cz\/leto\/facebook\/#primaryimage","url":"https:\/\/pragacup.cz\/leto\/wp-content\/uploads\/2020\/04\/web_icon_leto_pragacup.png","contentUrl":"https:\/\/pragacup.cz\/leto\/wp-content\/uploads\/2020\/04\/web_icon_leto_pragacup.png","width":512,"height":512},{"@type":"BreadcrumbList","@id":"https:\/\/pragacup.cz\/leto\/facebook\/#breadcrumb","itemListElement":[{"@type":"ListItem","position":1,"name":"Dom\u016f","item":"https:\/\/pragacup.cz\/leto\/"},{"@type":"ListItem","position":2,"name":"Facebook"}]},{"@type":"WebSite","@id":"https:\/\/pragacup.cz\/leto\/#website","url":"https:\/\/pragacup.cz\/leto\/","name":"","description":"Letn\u00ed fotbalov\u00fd turnaj","potentialAction":[{"@type":"SearchAction","target":{"@type":"EntryPoint","urlTemplate":"https:\/\/pragacup.cz\/leto\/?s={search_term_string}"},"query-input":"required name=search_term_string"}],"inLanguage":"cs"}]}},"_links":{"self":[{"href":"https:\/\/pragacup.cz\/leto\/wp-json\/wp\/v2\/pages\/3917"}],"collection":[{"href":"https:\/\/pragacup.cz\/leto\/wp-json\/wp\/v2\/pages"}],"about":[{"href":"https:\/\/pragacup.cz\/leto\/wp-json\/wp\/v2\/types\/page"}],"author":[{"embeddable":true,"href":"https:\/\/pragacup.cz\/leto\/wp-json\/wp\/v2\/users\/1"}],"replies":[{"embeddable":true,"href":"https:\/\/pragacup.cz\/leto\/wp-json\/wp\/v2\/comments?post=3917"}],"version-history":[{"count":3,"href":"https:\/\/pragacup.cz\/leto\/wp-json\/wp\/v2\/pages\/3917\/revisions"}],"predecessor-version":[{"id":4255,"href":"https:\/\/pragacup.cz\/leto\/wp-json\/wp\/v2\/pages\/3917\/revisions\/4255"}],"wp:featuredmedia":[{"embeddable":true,"href":"https:\/\/pragacup.cz\/leto\/wp-json\/wp\/v2\/media\/4143"}],"wp:attachment":[{"href":"https:\/\/pragacup.cz\/leto\/wp-json\/wp\/v2\/media?parent=3917"}],"curies":[{"name":"wp","href":"https:\/\/api.w.org\/{rel}","templated":true}]}}