{"id":3901,"date":"2020-04-03T00:27:29","date_gmt":"2020-04-02T22:27:29","guid":{"rendered":"https:\/\/pragacup.cz\/leto\/?page_id=3901"},"modified":"2020-04-29T18:13:49","modified_gmt":"2020-04-29T16:13:49","slug":"fotografie-a-videa","status":"publish","type":"page","link":"https:\/\/pragacup.cz\/leto\/fotografie-a-videa\/","title":{"rendered":"Fotografie"},"content":{"rendered":"\t\t<div data-elementor-type=\"wp-page\" data-elementor-id=\"3901\" class=\"elementor elementor-3901\">\n\t\t\t\t\t\t<section class=\"elementor-section elementor-top-section elementor-element elementor-element-18c9303 elementor-section-stretched elementor-section-boxed elementor-section-height-default elementor-section-height-default\" data-id=\"18c9303\" data-element_type=\"section\" data-settings=\"{&quot;stretch_section&quot;:&quot;section-stretched&quot;,&quot;_ha_eqh_enable&quot;:false}\">\n\t\t\t\t\t\t<div class=\"elementor-container elementor-column-gap-default\">\n\t\t\t\t\t<div class=\"elementor-column elementor-col-100 elementor-top-column elementor-element elementor-element-5ba7560\" data-id=\"5ba7560\" data-element_type=\"column\">\n\t\t\t<div class=\"elementor-widget-wrap elementor-element-populated\">\n\t\t\t\t\t\t<div class=\"elementor-element elementor-element-def80ef elementor-widget elementor-widget-spacer\" data-id=\"def80ef\" data-element_type=\"widget\" data-widget_type=\"spacer.default\">\n\t\t\t\t<div class=\"elementor-widget-container\">\n\t\t\t\t\t<div class=\"elementor-spacer\">\n\t\t\t<div class=\"elementor-spacer-inner\"><\/div>\n\t\t<\/div>\n\t\t\t\t<\/div>\n\t\t\t\t<\/div>\n\t\t\t\t\t<\/div>\n\t\t<\/div>\n\t\t\t\t\t<\/div>\n\t\t<\/section>\n\t\t\t\t<section class=\"elementor-section elementor-top-section elementor-element elementor-element-248a541 elementor-section-boxed elementor-section-height-default elementor-section-height-default\" data-id=\"248a541\" data-element_type=\"section\" data-settings=\"{&quot;_ha_eqh_enable&quot;:false}\">\n\t\t\t\t\t\t<div class=\"elementor-container elementor-column-gap-default\">\n\t\t\t\t\t<div class=\"elementor-column elementor-col-100 elementor-top-column elementor-element elementor-element-c42f75f\" data-id=\"c42f75f\" data-element_type=\"column\">\n\t\t\t<div class=\"elementor-widget-wrap elementor-element-populated\">\n\t\t\t\t\t\t<div class=\"elementor-element elementor-element-0e86fe9 elementor-widget elementor-widget-heading\" data-id=\"0e86fe9\" data-element_type=\"widget\" data-widget_type=\"heading.default\">\n\t\t\t\t<div class=\"elementor-widget-container\">\n\t\t\t<h5 class=\"elementor-heading-title elementor-size-default\">FOTOGRAFIE<\/h5>\t\t<\/div>\n\t\t\t\t<\/div>\n\t\t\t\t<div class=\"elementor-element elementor-element-4c848db elementor-widget elementor-widget-spacer\" data-id=\"4c848db\" data-element_type=\"widget\" data-widget_type=\"spacer.default\">\n\t\t\t\t<div class=\"elementor-widget-container\">\n\t\t\t\t\t<div class=\"elementor-spacer\">\n\t\t\t<div class=\"elementor-spacer-inner\"><\/div>\n\t\t<\/div>\n\t\t\t\t<\/div>\n\t\t\t\t<\/div>\n\t\t\t\t<div class=\"elementor-element elementor-element-e6a9882 elementor-widget elementor-widget-image-gallery\" data-id=\"e6a9882\" data-element_type=\"widget\" data-widget_type=\"image-gallery.default\">\n\t\t\t\t<div class=\"elementor-widget-container\">\n\t\t\t\t\t<div class=\"elementor-image-gallery\">\n\t\t\t<div id='gallery-1' class='gallery galleryid-3901 gallery-columns-4 gallery-size-tornados-thumb-extra'><figure class='gallery-item'>\n\t\t\t<div class='gallery-icon landscape'>\n\t\t\t\t<a data-elementor-open-lightbox=\"yes\" data-elementor-lightbox-slideshow=\"e6a9882\" data-elementor-lightbox-title=\"pragacup_leto\" data-e-action-hash=\"#elementor-action%3Aaction%3Dlightbox%26settings%3DeyJpZCI6MzMxMywidXJsIjoiaHR0cHM6XC9cL3ByYWdhY3VwLmN6XC9sZXRvXC93cC1jb250ZW50XC91cGxvYWRzXC8yMDIwXC8wM1wvcHJhZ2FjdXBfbGV0by5qcGciLCJzbGlkZXNob3ciOiJlNmE5ODgyIn0%3D\" href='https:\/\/pragacup.cz\/leto\/wp-content\/uploads\/2020\/03\/pragacup_leto.jpg'><img fetchpriority=\"high\" decoding=\"async\" width=\"600\" height=\"394\" src=\"https:\/\/pragacup.cz\/leto\/wp-content\/uploads\/2020\/03\/pragacup_leto-600x394.jpg\" class=\"attachment-tornados-thumb-extra size-tornados-thumb-extra\" alt=\"\" \/><\/a>\n\t\t\t<\/div><\/figure><figure class='gallery-item'>\n\t\t\t<div class='gallery-icon landscape'>\n\t\t\t\t<a data-elementor-open-lightbox=\"yes\" data-elementor-lightbox-slideshow=\"e6a9882\" data-elementor-lightbox-title=\"pragacup-hriste\" data-e-action-hash=\"#elementor-action%3Aaction%3Dlightbox%26settings%3DeyJpZCI6MzU0MSwidXJsIjoiaHR0cHM6XC9cL3ByYWdhY3VwLmN6XC9sZXRvXC93cC1jb250ZW50XC91cGxvYWRzXC8yMDIwXC8wM1wvcHJhZ2FjdXAtaHJpc3RlLmpwZyIsInNsaWRlc2hvdyI6ImU2YTk4ODIifQ%3D%3D\" href='https:\/\/pragacup.cz\/leto\/wp-content\/uploads\/2020\/03\/pragacup-hriste.jpg'><img decoding=\"async\" width=\"600\" height=\"394\" src=\"https:\/\/pragacup.cz\/leto\/wp-content\/uploads\/2020\/03\/pragacup-hriste-600x394.jpg\" class=\"attachment-tornados-thumb-extra size-tornados-thumb-extra\" alt=\"\" \/><\/a>\n\t\t\t<\/div><\/figure><figure class='gallery-item'>\n\t\t\t<div class='gallery-icon landscape'>\n\t\t\t\t<a data-elementor-open-lightbox=\"yes\" data-elementor-lightbox-slideshow=\"e6a9882\" data-elementor-lightbox-title=\"pragacupplanek\" data-e-action-hash=\"#elementor-action%3Aaction%3Dlightbox%26settings%3DeyJpZCI6MzM4NiwidXJsIjoiaHR0cHM6XC9cL3ByYWdhY3VwLmN6XC9sZXRvXC93cC1jb250ZW50XC91cGxvYWRzXC8yMDIwXC8wM1wvcHJhZ2FjdXBwbGFuZWsuanBnIiwic2xpZGVzaG93IjoiZTZhOTg4MiJ9\" href='https:\/\/pragacup.cz\/leto\/wp-content\/uploads\/2020\/03\/pragacupplanek.jpg'><img decoding=\"async\" width=\"600\" height=\"394\" src=\"https:\/\/pragacup.cz\/leto\/wp-content\/uploads\/2020\/03\/pragacupplanek-600x394.jpg\" class=\"attachment-tornados-thumb-extra size-tornados-thumb-extra\" alt=\"\" \/><\/a>\n\t\t\t<\/div><\/figure><figure class='gallery-item'>\n\t\t\t<div class='gallery-icon landscape'>\n\t\t\t\t<a data-elementor-open-lightbox=\"yes\" data-elementor-lightbox-slideshow=\"e6a9882\" data-elementor-lightbox-title=\"pragacup_uvod\" data-e-action-hash=\"#elementor-action%3Aaction%3Dlightbox%26settings%3DeyJpZCI6MzM2MiwidXJsIjoiaHR0cHM6XC9cL3ByYWdhY3VwLmN6XC9sZXRvXC93cC1jb250ZW50XC91cGxvYWRzXC8yMDIwXC8wM1wvcHJhZ2FjdXBfdXZvZC1zY2FsZWQuanBnIiwic2xpZGVzaG93IjoiZTZhOTg4MiJ9\" href='https:\/\/pragacup.cz\/leto\/wp-content\/uploads\/2020\/03\/pragacup_uvod-scaled.jpg'><img loading=\"lazy\" decoding=\"async\" width=\"600\" height=\"394\" src=\"https:\/\/pragacup.cz\/leto\/wp-content\/uploads\/2020\/03\/pragacup_uvod-600x394.jpg\" class=\"attachment-tornados-thumb-extra size-tornados-thumb-extra\" alt=\"\" \/><\/a>\n\t\t\t<\/div><\/figure><figure class='gallery-item'>\n\t\t\t<div class='gallery-icon landscape'>\n\t\t\t\t<a data-elementor-open-lightbox=\"yes\" data-elementor-lightbox-slideshow=\"e6a9882\" data-elementor-lightbox-title=\"pragacup-zapasy\" data-e-action-hash=\"#elementor-action%3Aaction%3Dlightbox%26settings%3DeyJpZCI6MzU0OCwidXJsIjoiaHR0cHM6XC9cL3ByYWdhY3VwLmN6XC9sZXRvXC93cC1jb250ZW50XC91cGxvYWRzXC8yMDIwXC8wM1wvcHJhZ2FjdXAtemFwYXN5LmpwZyIsInNsaWRlc2hvdyI6ImU2YTk4ODIifQ%3D%3D\" href='https:\/\/pragacup.cz\/leto\/wp-content\/uploads\/2020\/03\/pragacup-zapasy.jpg'><img loading=\"lazy\" decoding=\"async\" width=\"600\" height=\"394\" src=\"https:\/\/pragacup.cz\/leto\/wp-content\/uploads\/2020\/03\/pragacup-zapasy-600x394.jpg\" class=\"attachment-tornados-thumb-extra size-tornados-thumb-extra\" alt=\"\" srcset=\"https:\/\/pragacup.cz\/leto\/wp-content\/uploads\/2020\/03\/pragacup-zapasy-600x394.jpg 600w, https:\/\/pragacup.cz\/leto\/wp-content\/uploads\/2020\/03\/pragacup-zapasy-32x21.jpg 32w\" sizes=\"(max-width: 600px) 100vw, 600px\" \/><\/a>\n\t\t\t<\/div><\/figure><figure class='gallery-item'>\n\t\t\t<div class='gallery-icon landscape'>\n\t\t\t\t<a data-elementor-open-lightbox=\"yes\" data-elementor-lightbox-slideshow=\"e6a9882\" data-elementor-lightbox-title=\"pragacup-vyhry\" data-e-action-hash=\"#elementor-action%3Aaction%3Dlightbox%26settings%3DeyJpZCI6MzU3NSwidXJsIjoiaHR0cHM6XC9cL3ByYWdhY3VwLmN6XC9sZXRvXC93cC1jb250ZW50XC91cGxvYWRzXC8yMDIwXC8wM1wvcHJhZ2FjdXAtdnlocnkuanBnIiwic2xpZGVzaG93IjoiZTZhOTg4MiJ9\" href='https:\/\/pragacup.cz\/leto\/wp-content\/uploads\/2020\/03\/pragacup-vyhry.jpg'><img loading=\"lazy\" decoding=\"async\" width=\"600\" height=\"394\" src=\"https:\/\/pragacup.cz\/leto\/wp-content\/uploads\/2020\/03\/pragacup-vyhry-600x394.jpg\" class=\"attachment-tornados-thumb-extra size-tornados-thumb-extra\" alt=\"\" \/><\/a>\n\t\t\t<\/div><\/figure><figure class='gallery-item'>\n\t\t\t<div class='gallery-icon landscape'>\n\t\t\t\t<a data-elementor-open-lightbox=\"yes\" data-elementor-lightbox-slideshow=\"e6a9882\" data-elementor-lightbox-title=\"pragacup-pivko\" data-e-action-hash=\"#elementor-action%3Aaction%3Dlightbox%26settings%3DeyJpZCI6MzU0NiwidXJsIjoiaHR0cHM6XC9cL3ByYWdhY3VwLmN6XC9sZXRvXC93cC1jb250ZW50XC91cGxvYWRzXC8yMDIwXC8wM1wvcHJhZ2FjdXAtcGl2a28uanBnIiwic2xpZGVzaG93IjoiZTZhOTg4MiJ9\" href='https:\/\/pragacup.cz\/leto\/wp-content\/uploads\/2020\/03\/pragacup-pivko.jpg'><img loading=\"lazy\" decoding=\"async\" width=\"600\" height=\"394\" src=\"https:\/\/pragacup.cz\/leto\/wp-content\/uploads\/2020\/03\/pragacup-pivko-600x394.jpg\" class=\"attachment-tornados-thumb-extra size-tornados-thumb-extra\" alt=\"\" srcset=\"https:\/\/pragacup.cz\/leto\/wp-content\/uploads\/2020\/03\/pragacup-pivko-600x394.jpg 600w, https:\/\/pragacup.cz\/leto\/wp-content\/uploads\/2020\/03\/pragacup-pivko-32x21.jpg 32w\" sizes=\"(max-width: 600px) 100vw, 600px\" \/><\/a>\n\t\t\t<\/div><\/figure><figure class='gallery-item'>\n\t\t\t<div class='gallery-icon landscape'>\n\t\t\t\t<a data-elementor-open-lightbox=\"yes\" data-elementor-lightbox-slideshow=\"e6a9882\" data-elementor-lightbox-title=\"pragacup_euforie\" data-e-action-hash=\"#elementor-action%3Aaction%3Dlightbox%26settings%3DeyJpZCI6MzM5MCwidXJsIjoiaHR0cHM6XC9cL3ByYWdhY3VwLmN6XC9sZXRvXC93cC1jb250ZW50XC91cGxvYWRzXC8yMDIwXC8wM1wvcHJhZ2FjdXBfZXVmb3JpZS5qcGciLCJzbGlkZXNob3ciOiJlNmE5ODgyIn0%3D\" href='https:\/\/pragacup.cz\/leto\/wp-content\/uploads\/2020\/03\/pragacup_euforie.jpg'><img loading=\"lazy\" decoding=\"async\" width=\"600\" height=\"394\" src=\"https:\/\/pragacup.cz\/leto\/wp-content\/uploads\/2020\/03\/pragacup_euforie-600x394.jpg\" class=\"attachment-tornados-thumb-extra size-tornados-thumb-extra\" alt=\"\" srcset=\"https:\/\/pragacup.cz\/leto\/wp-content\/uploads\/2020\/03\/pragacup_euforie-600x394.jpg 600w, https:\/\/pragacup.cz\/leto\/wp-content\/uploads\/2020\/03\/pragacup_euforie-32x21.jpg 32w\" sizes=\"(max-width: 600px) 100vw, 600px\" \/><\/a>\n\t\t\t<\/div><\/figure><figure class='gallery-item'>\n\t\t\t<div class='gallery-icon landscape'>\n\t\t\t\t<a data-elementor-open-lightbox=\"yes\" data-elementor-lightbox-slideshow=\"e6a9882\" data-elementor-lightbox-title=\"pragacup-slavia\" data-e-action-hash=\"#elementor-action%3Aaction%3Dlightbox%26settings%3DeyJpZCI6MzU0NSwidXJsIjoiaHR0cHM6XC9cL3ByYWdhY3VwLmN6XC9sZXRvXC93cC1jb250ZW50XC91cGxvYWRzXC8yMDIwXC8wM1wvcHJhZ2FjdXAtc2xhdmlhLTMuanBnIiwic2xpZGVzaG93IjoiZTZhOTg4MiJ9\" href='https:\/\/pragacup.cz\/leto\/wp-content\/uploads\/2020\/03\/pragacup-slavia-3.jpg'><img loading=\"lazy\" decoding=\"async\" width=\"600\" height=\"394\" src=\"https:\/\/pragacup.cz\/leto\/wp-content\/uploads\/2020\/03\/pragacup-slavia-3-600x394.jpg\" class=\"attachment-tornados-thumb-extra size-tornados-thumb-extra\" alt=\"\" srcset=\"https:\/\/pragacup.cz\/leto\/wp-content\/uploads\/2020\/03\/pragacup-slavia-3-600x394.jpg 600w, https:\/\/pragacup.cz\/leto\/wp-content\/uploads\/2020\/03\/pragacup-slavia-3-32x21.jpg 32w\" sizes=\"(max-width: 600px) 100vw, 600px\" \/><\/a>\n\t\t\t<\/div><\/figure><figure class='gallery-item'>\n\t\t\t<div class='gallery-icon landscape'>\n\t\t\t\t<a data-elementor-open-lightbox=\"yes\" data-elementor-lightbox-slideshow=\"e6a9882\" data-elementor-lightbox-title=\"pragacup-\" data-e-action-hash=\"#elementor-action%3Aaction%3Dlightbox%26settings%3DeyJpZCI6MzQ0NywidXJsIjoiaHR0cHM6XC9cL3ByYWdhY3VwLmN6XC9sZXRvXC93cC1jb250ZW50XC91cGxvYWRzXC8yMDIwXC8wM1wvcHJhZ2FjdXAtLmpwZyIsInNsaWRlc2hvdyI6ImU2YTk4ODIifQ%3D%3D\" href='https:\/\/pragacup.cz\/leto\/wp-content\/uploads\/2020\/03\/pragacup-.jpg'><img loading=\"lazy\" decoding=\"async\" width=\"600\" height=\"394\" src=\"https:\/\/pragacup.cz\/leto\/wp-content\/uploads\/2020\/03\/pragacup--600x394.jpg\" class=\"attachment-tornados-thumb-extra size-tornados-thumb-extra\" alt=\"\" srcset=\"https:\/\/pragacup.cz\/leto\/wp-content\/uploads\/2020\/03\/pragacup--600x394.jpg 600w, https:\/\/pragacup.cz\/leto\/wp-content\/uploads\/2020\/03\/pragacup--32x21.jpg 32w\" sizes=\"(max-width: 600px) 100vw, 600px\" \/><\/a>\n\t\t\t<\/div><\/figure><figure class='gallery-item'>\n\t\t\t<div class='gallery-icon landscape'>\n\t\t\t\t<a data-elementor-open-lightbox=\"yes\" data-elementor-lightbox-slideshow=\"e6a9882\" data-elementor-lightbox-title=\"pragacup-hrac\" data-e-action-hash=\"#elementor-action%3Aaction%3Dlightbox%26settings%3DeyJpZCI6MzU0MiwidXJsIjoiaHR0cHM6XC9cL3ByYWdhY3VwLmN6XC9sZXRvXC93cC1jb250ZW50XC91cGxvYWRzXC8yMDIwXC8wM1wvcHJhZ2FjdXAtaHJhYy5qcGciLCJzbGlkZXNob3ciOiJlNmE5ODgyIn0%3D\" href='https:\/\/pragacup.cz\/leto\/wp-content\/uploads\/2020\/03\/pragacup-hrac.jpg'><img loading=\"lazy\" decoding=\"async\" width=\"600\" height=\"394\" src=\"https:\/\/pragacup.cz\/leto\/wp-content\/uploads\/2020\/03\/pragacup-hrac-600x394.jpg\" class=\"attachment-tornados-thumb-extra size-tornados-thumb-extra\" alt=\"\" srcset=\"https:\/\/pragacup.cz\/leto\/wp-content\/uploads\/2020\/03\/pragacup-hrac-600x394.jpg 600w, https:\/\/pragacup.cz\/leto\/wp-content\/uploads\/2020\/03\/pragacup-hrac-32x21.jpg 32w\" sizes=\"(max-width: 600px) 100vw, 600px\" \/><\/a>\n\t\t\t<\/div><\/figure><figure class='gallery-item'>\n\t\t\t<div class='gallery-icon landscape'>\n\t\t\t\t<a data-elementor-open-lightbox=\"yes\" data-elementor-lightbox-slideshow=\"e6a9882\" data-elementor-lightbox-title=\"pragacup-nemecky-vitez\" data-e-action-hash=\"#elementor-action%3Aaction%3Dlightbox%26settings%3DeyJpZCI6MzU1MCwidXJsIjoiaHR0cHM6XC9cL3ByYWdhY3VwLmN6XC9sZXRvXC93cC1jb250ZW50XC91cGxvYWRzXC8yMDIwXC8wM1wvcHJhZ2FjdXAtbmVtZWNreS12aXRlei5qcGciLCJzbGlkZXNob3ciOiJlNmE5ODgyIn0%3D\" href='https:\/\/pragacup.cz\/leto\/wp-content\/uploads\/2020\/03\/pragacup-nemecky-vitez.jpg'><img loading=\"lazy\" decoding=\"async\" width=\"600\" height=\"394\" src=\"https:\/\/pragacup.cz\/leto\/wp-content\/uploads\/2020\/03\/pragacup-nemecky-vitez-600x394.jpg\" class=\"attachment-tornados-thumb-extra size-tornados-thumb-extra\" alt=\"\" srcset=\"https:\/\/pragacup.cz\/leto\/wp-content\/uploads\/2020\/03\/pragacup-nemecky-vitez-600x394.jpg 600w, https:\/\/pragacup.cz\/leto\/wp-content\/uploads\/2020\/03\/pragacup-nemecky-vitez-32x21.jpg 32w\" sizes=\"(max-width: 600px) 100vw, 600px\" \/><\/a>\n\t\t\t<\/div><\/figure>\n\t\t<\/div>\n\t\t<\/div>\n\t\t\t\t<\/div>\n\t\t\t\t<\/div>\n\t\t\t\t\t<\/div>\n\t\t<\/div>\n\t\t\t\t\t<\/div>\n\t\t<\/section>\n\t\t\t\t<section class=\"elementor-section elementor-top-section elementor-element elementor-element-637463d elementor-section-stretched elementor-section-boxed elementor-section-height-default elementor-section-height-default\" data-id=\"637463d\" data-element_type=\"section\" data-settings=\"{&quot;stretch_section&quot;:&quot;section-stretched&quot;,&quot;_ha_eqh_enable&quot;:false}\">\n\t\t\t\t\t\t<div class=\"elementor-container elementor-column-gap-default\">\n\t\t\t\t\t<div class=\"elementor-column elementor-col-100 elementor-top-column elementor-element elementor-element-b78da37\" data-id=\"b78da37\" data-element_type=\"column\">\n\t\t\t<div class=\"elementor-widget-wrap elementor-element-populated\">\n\t\t\t\t\t\t<div class=\"elementor-element elementor-element-59aec41 elementor-widget elementor-widget-spacer\" data-id=\"59aec41\" data-element_type=\"widget\" data-widget_type=\"spacer.default\">\n\t\t\t\t<div class=\"elementor-widget-container\">\n\t\t\t\t\t<div class=\"elementor-spacer\">\n\t\t\t<div class=\"elementor-spacer-inner\"><\/div>\n\t\t<\/div>\n\t\t\t\t<\/div>\n\t\t\t\t<\/div>\n\t\t\t\t\t<\/div>\n\t\t<\/div>\n\t\t\t\t\t<\/div>\n\t\t<\/section>\n\t\t\t\t<\/div>\n\t\t","protected":false},"excerpt":{"rendered":"<p>FOTOGRAFIE<\/p>\n","protected":false},"author":1,"featured_media":3313,"parent":0,"menu_order":0,"comment_status":"closed","ping_status":"closed","template":"","meta":{"site-sidebar-layout":"default","site-content-layout":"","ast-site-content-layout":"","site-content-style":"default","site-sidebar-style":"default","ast-global-header-display":"","ast-banner-title-visibility":"","ast-main-header-display":"","ast-hfb-above-header-display":"","ast-hfb-below-header-display":"","ast-hfb-mobile-header-display":"","site-post-title":"","ast-breadcrumbs-content":"","ast-featured-img":"","footer-sml-layout":"","theme-transparent-header-meta":"","adv-header-id-meta":"","stick-header-meta":"","header-above-stick-meta":"","header-main-stick-meta":"","header-below-stick-meta":"","astra-migrate-meta-layouts":"default","ast-page-background-enabled":"default","ast-page-background-meta":{"desktop":{"background-color":"var(--ast-global-color-4)","background-image":"","background-repeat":"repeat","background-position":"center center","background-size":"auto","background-attachment":"scroll","background-type":"","background-media":"","overlay-type":"","overlay-color":"","overlay-gradient":""},"tablet":{"background-color":"","background-image":"","background-repeat":"repeat","background-position":"center center","background-size":"auto","background-attachment":"scroll","background-type":"","background-media":"","overlay-type":"","overlay-color":"","overlay-gradient":""},"mobile":{"background-color":"","background-image":"","background-repeat":"repeat","background-position":"center center","background-size":"auto","background-attachment":"scroll","background-type":"","background-media":"","overlay-type":"","overlay-color":"","overlay-gradient":""}},"ast-content-background-meta":{"desktop":{"background-color":"var(--ast-global-color-5)","background-image":"","background-repeat":"repeat","background-position":"center center","background-size":"auto","background-attachment":"scroll","background-type":"","background-media":"","overlay-type":"","overlay-color":"","overlay-gradient":""},"tablet":{"background-color":"var(--ast-global-color-5)","background-image":"","background-repeat":"repeat","background-position":"center center","background-size":"auto","background-attachment":"scroll","background-type":"","background-media":"","overlay-type":"","overlay-color":"","overlay-gradient":""},"mobile":{"background-color":"var(--ast-global-color-5)","background-image":"","background-repeat":"repeat","background-position":"center center","background-size":"auto","background-attachment":"scroll","background-type":"","background-media":"","overlay-type":"","overlay-color":"","overlay-gradient":""}},"footnotes":""},"yoast_head":"<!-- This site is optimized with the Yoast SEO plugin v22.5 - https:\/\/yoast.com\/wordpress\/plugins\/seo\/ -->\n<title>Fotografie -<\/title>\n<meta name=\"description\" content=\"V\u0161echny na\u0161e uspo\u0159\u00e1dan\u00e9 turnaje pe\u010dliv\u011b fot\u00edme a sna\u017e\u00edme se o ty nejlep\u0161\u00ed fotografie. Proto V\u00e1m nab\u00edz\u00edme n\u00e1hled do v\u0161ech ud\u00e1lost\u00ed.\" \/>\n<meta name=\"robots\" content=\"index, follow, max-snippet:-1, max-image-preview:large, max-video-preview:-1\" \/>\n<link rel=\"canonical\" href=\"https:\/\/pragacup.cz\/leto\/fotografie-a-videa\/\" \/>\n<meta property=\"og:locale\" content=\"cs_CZ\" \/>\n<meta property=\"og:type\" content=\"article\" \/>\n<meta property=\"og:title\" content=\"Fotografie -\" \/>\n<meta property=\"og:description\" content=\"V\u0161echny na\u0161e uspo\u0159\u00e1dan\u00e9 turnaje pe\u010dliv\u011b fot\u00edme a sna\u017e\u00edme se o ty nejlep\u0161\u00ed fotografie. Proto V\u00e1m nab\u00edz\u00edme n\u00e1hled do v\u0161ech ud\u00e1lost\u00ed.\" \/>\n<meta property=\"og:url\" content=\"https:\/\/pragacup.cz\/leto\/fotografie-a-videa\/\" \/>\n<meta property=\"article:modified_time\" content=\"2020-04-29T16:13:49+00:00\" \/>\n<meta property=\"og:image\" content=\"https:\/\/pragacup.cz\/leto\/wp-content\/uploads\/2020\/03\/pragacup_leto.jpg\" \/>\n\t<meta property=\"og:image:width\" content=\"2048\" \/>\n\t<meta property=\"og:image:height\" content=\"1232\" \/>\n\t<meta property=\"og:image:type\" content=\"image\/jpeg\" \/>\n<meta name=\"twitter:card\" content=\"summary_large_image\" \/>\n<script type=\"application\/ld+json\" class=\"yoast-schema-graph\">{\"@context\":\"https:\/\/schema.org\",\"@graph\":[{\"@type\":\"WebPage\",\"@id\":\"https:\/\/pragacup.cz\/leto\/fotografie-a-videa\/\",\"url\":\"https:\/\/pragacup.cz\/leto\/fotografie-a-videa\/\",\"name\":\"Fotografie -\",\"isPartOf\":{\"@id\":\"https:\/\/pragacup.cz\/leto\/#website\"},\"primaryImageOfPage\":{\"@id\":\"https:\/\/pragacup.cz\/leto\/fotografie-a-videa\/#primaryimage\"},\"image\":{\"@id\":\"https:\/\/pragacup.cz\/leto\/fotografie-a-videa\/#primaryimage\"},\"thumbnailUrl\":\"https:\/\/pragacup.cz\/leto\/wp-content\/uploads\/2020\/03\/pragacup_leto.jpg\",\"datePublished\":\"2020-04-02T22:27:29+00:00\",\"dateModified\":\"2020-04-29T16:13:49+00:00\",\"description\":\"V\u0161echny na\u0161e uspo\u0159\u00e1dan\u00e9 turnaje pe\u010dliv\u011b fot\u00edme a sna\u017e\u00edme se o ty nejlep\u0161\u00ed fotografie. Proto V\u00e1m nab\u00edz\u00edme n\u00e1hled do v\u0161ech ud\u00e1lost\u00ed.\",\"breadcrumb\":{\"@id\":\"https:\/\/pragacup.cz\/leto\/fotografie-a-videa\/#breadcrumb\"},\"inLanguage\":\"cs\",\"potentialAction\":[{\"@type\":\"ReadAction\",\"target\":[\"https:\/\/pragacup.cz\/leto\/fotografie-a-videa\/\"]}]},{\"@type\":\"ImageObject\",\"inLanguage\":\"cs\",\"@id\":\"https:\/\/pragacup.cz\/leto\/fotografie-a-videa\/#primaryimage\",\"url\":\"https:\/\/pragacup.cz\/leto\/wp-content\/uploads\/2020\/03\/pragacup_leto.jpg\",\"contentUrl\":\"https:\/\/pragacup.cz\/leto\/wp-content\/uploads\/2020\/03\/pragacup_leto.jpg\",\"width\":2048,\"height\":1232},{\"@type\":\"BreadcrumbList\",\"@id\":\"https:\/\/pragacup.cz\/leto\/fotografie-a-videa\/#breadcrumb\",\"itemListElement\":[{\"@type\":\"ListItem\",\"position\":1,\"name\":\"Dom\u016f\",\"item\":\"https:\/\/pragacup.cz\/leto\/\"},{\"@type\":\"ListItem\",\"position\":2,\"name\":\"Fotografie\"}]},{\"@type\":\"WebSite\",\"@id\":\"https:\/\/pragacup.cz\/leto\/#website\",\"url\":\"https:\/\/pragacup.cz\/leto\/\",\"name\":\"\",\"description\":\"Letn\u00ed fotbalov\u00fd turnaj\",\"potentialAction\":[{\"@type\":\"SearchAction\",\"target\":{\"@type\":\"EntryPoint\",\"urlTemplate\":\"https:\/\/pragacup.cz\/leto\/?s={search_term_string}\"},\"query-input\":\"required name=search_term_string\"}],\"inLanguage\":\"cs\"}]}<\/script>\n<!-- \/ Yoast SEO plugin. -->","yoast_head_json":{"title":"Fotografie -","description":"V\u0161echny na\u0161e uspo\u0159\u00e1dan\u00e9 turnaje pe\u010dliv\u011b fot\u00edme a sna\u017e\u00edme se o ty nejlep\u0161\u00ed fotografie. Proto V\u00e1m nab\u00edz\u00edme n\u00e1hled do v\u0161ech ud\u00e1lost\u00ed.","robots":{"index":"index","follow":"follow","max-snippet":"max-snippet:-1","max-image-preview":"max-image-preview:large","max-video-preview":"max-video-preview:-1"},"canonical":"https:\/\/pragacup.cz\/leto\/fotografie-a-videa\/","og_locale":"cs_CZ","og_type":"article","og_title":"Fotografie -","og_description":"V\u0161echny na\u0161e uspo\u0159\u00e1dan\u00e9 turnaje pe\u010dliv\u011b fot\u00edme a sna\u017e\u00edme se o ty nejlep\u0161\u00ed fotografie. Proto V\u00e1m nab\u00edz\u00edme n\u00e1hled do v\u0161ech ud\u00e1lost\u00ed.","og_url":"https:\/\/pragacup.cz\/leto\/fotografie-a-videa\/","article_modified_time":"2020-04-29T16:13:49+00:00","og_image":[{"width":2048,"height":1232,"url":"https:\/\/pragacup.cz\/leto\/wp-content\/uploads\/2020\/03\/pragacup_leto.jpg","type":"image\/jpeg"}],"twitter_card":"summary_large_image","schema":{"@context":"https:\/\/schema.org","@graph":[{"@type":"WebPage","@id":"https:\/\/pragacup.cz\/leto\/fotografie-a-videa\/","url":"https:\/\/pragacup.cz\/leto\/fotografie-a-videa\/","name":"Fotografie -","isPartOf":{"@id":"https:\/\/pragacup.cz\/leto\/#website"},"primaryImageOfPage":{"@id":"https:\/\/pragacup.cz\/leto\/fotografie-a-videa\/#primaryimage"},"image":{"@id":"https:\/\/pragacup.cz\/leto\/fotografie-a-videa\/#primaryimage"},"thumbnailUrl":"https:\/\/pragacup.cz\/leto\/wp-content\/uploads\/2020\/03\/pragacup_leto.jpg","datePublished":"2020-04-02T22:27:29+00:00","dateModified":"2020-04-29T16:13:49+00:00","description":"V\u0161echny na\u0161e uspo\u0159\u00e1dan\u00e9 turnaje pe\u010dliv\u011b fot\u00edme a sna\u017e\u00edme se o ty nejlep\u0161\u00ed fotografie. Proto V\u00e1m nab\u00edz\u00edme n\u00e1hled do v\u0161ech ud\u00e1lost\u00ed.","breadcrumb":{"@id":"https:\/\/pragacup.cz\/leto\/fotografie-a-videa\/#breadcrumb"},"inLanguage":"cs","potentialAction":[{"@type":"ReadAction","target":["https:\/\/pragacup.cz\/leto\/fotografie-a-videa\/"]}]},{"@type":"ImageObject","inLanguage":"cs","@id":"https:\/\/pragacup.cz\/leto\/fotografie-a-videa\/#primaryimage","url":"https:\/\/pragacup.cz\/leto\/wp-content\/uploads\/2020\/03\/pragacup_leto.jpg","contentUrl":"https:\/\/pragacup.cz\/leto\/wp-content\/uploads\/2020\/03\/pragacup_leto.jpg","width":2048,"height":1232},{"@type":"BreadcrumbList","@id":"https:\/\/pragacup.cz\/leto\/fotografie-a-videa\/#breadcrumb","itemListElement":[{"@type":"ListItem","position":1,"name":"Dom\u016f","item":"https:\/\/pragacup.cz\/leto\/"},{"@type":"ListItem","position":2,"name":"Fotografie"}]},{"@type":"WebSite","@id":"https:\/\/pragacup.cz\/leto\/#website","url":"https:\/\/pragacup.cz\/leto\/","name":"","description":"Letn\u00ed fotbalov\u00fd turnaj","potentialAction":[{"@type":"SearchAction","target":{"@type":"EntryPoint","urlTemplate":"https:\/\/pragacup.cz\/leto\/?s={search_term_string}"},"query-input":"required name=search_term_string"}],"inLanguage":"cs"}]}},"_links":{"self":[{"href":"https:\/\/pragacup.cz\/leto\/wp-json\/wp\/v2\/pages\/3901"}],"collection":[{"href":"https:\/\/pragacup.cz\/leto\/wp-json\/wp\/v2\/pages"}],"about":[{"href":"https:\/\/pragacup.cz\/leto\/wp-json\/wp\/v2\/types\/page"}],"author":[{"embeddable":true,"href":"https:\/\/pragacup.cz\/leto\/wp-json\/wp\/v2\/users\/1"}],"replies":[{"embeddable":true,"href":"https:\/\/pragacup.cz\/leto\/wp-json\/wp\/v2\/comments?post=3901"}],"version-history":[{"count":6,"href":"https:\/\/pragacup.cz\/leto\/wp-json\/wp\/v2\/pages\/3901\/revisions"}],"predecessor-version":[{"id":4256,"href":"https:\/\/pragacup.cz\/leto\/wp-json\/wp\/v2\/pages\/3901\/revisions\/4256"}],"wp:featuredmedia":[{"embeddable":true,"href":"https:\/\/pragacup.cz\/leto\/wp-json\/wp\/v2\/media\/3313"}],"wp:attachment":[{"href":"https:\/\/pragacup.cz\/leto\/wp-json\/wp\/v2\/media?parent=3901"}],"curies":[{"name":"wp","href":"https:\/\/api.w.org\/{rel}","templated":true}]}}