{"id":3285,"date":"2020-03-22T14:50:53","date_gmt":"2020-03-22T13:50:53","guid":{"rendered":"https:\/\/pragacup.cz\/leto\/?page_id=3285"},"modified":"2020-04-29T18:32:43","modified_gmt":"2020-04-29T16:32:43","slug":"o-turnaji","status":"publish","type":"page","link":"https:\/\/pragacup.cz\/leto\/o-turnaji\/","title":{"rendered":"O turnaji"},"content":{"rendered":"","protected":false},"excerpt":{"rendered":"","protected":false},"author":1,"featured_media":3313,"parent":0,"menu_order":0,"comment_status":"closed","ping_status":"closed","template":"elementor_header_footer","meta":{"site-sidebar-layout":"default","site-content-layout":"","ast-site-content-layout":"","site-content-style":"default","site-sidebar-style":"default","ast-global-header-display":"","ast-banner-title-visibility":"","ast-main-header-display":"","ast-hfb-above-header-display":"","ast-hfb-below-header-display":"","ast-hfb-mobile-header-display":"","site-post-title":"","ast-breadcrumbs-content":"","ast-featured-img":"","footer-sml-layout":"","theme-transparent-header-meta":"","adv-header-id-meta":"","stick-header-meta":"","header-above-stick-meta":"","header-main-stick-meta":"","header-below-stick-meta":"","astra-migrate-meta-layouts":"default","ast-page-background-enabled":"default","ast-page-background-meta":{"desktop":{"background-color":"var(--ast-global-color-4)","background-image":"","background-repeat":"repeat","background-position":"center center","background-size":"auto","background-attachment":"scroll","background-type":"","background-media":"","overlay-type":"","overlay-color":"","overlay-gradient":""},"tablet":{"background-color":"","background-image":"","background-repeat":"repeat","background-position":"center center","background-size":"auto","background-attachment":"scroll","background-type":"","background-media":"","overlay-type":"","overlay-color":"","overlay-gradient":""},"mobile":{"background-color":"","background-image":"","background-repeat":"repeat","background-position":"center center","background-size":"auto","background-attachment":"scroll","background-type":"","background-media":"","overlay-type":"","overlay-color":"","overlay-gradient":""}},"ast-content-background-meta":{"desktop":{"background-color":"var(--ast-global-color-5)","background-image":"","background-repeat":"repeat","background-position":"center center","background-size":"auto","background-attachment":"scroll","background-type":"","background-media":"","overlay-type":"","overlay-color":"","overlay-gradient":""},"tablet":{"background-color":"var(--ast-global-color-5)","background-image":"","background-repeat":"repeat","background-position":"center center","background-size":"auto","background-attachment":"scroll","background-type":"","background-media":"","overlay-type":"","overlay-color":"","overlay-gradient":""},"mobile":{"background-color":"var(--ast-global-color-5)","background-image":"","background-repeat":"repeat","background-position":"center center","background-size":"auto","background-attachment":"scroll","background-type":"","background-media":"","overlay-type":"","overlay-color":"","overlay-gradient":""}},"footnotes":""},"yoast_head":"<!-- This site is optimized with the Yoast SEO plugin v22.5 - https:\/\/yoast.com\/wordpress\/plugins\/seo\/ -->\n<title>O turnaji -<\/title>\n<meta name=\"description\" content=\"Letn\u00ed mezin\u00e1rodn\u00ed turnaj PragaCup v mal\u00e9m fotbale se uskute\u010dn\u00ed 20. 6. 2020 v Praze, P\u0159edn\u00ed kopanina v are\u00e1lu u Drahu\u0161ky, v bl\u00edzkosti leti\u0161t\u011b Praha. Turnaj se odehraje na 4 venkovn\u00edch travnat\u00fdch h\u0159i\u0161t\u00edch sou\u010dasn\u011b. Pravideln\u011b se \u00fa\u010dastn\u00ed t\u00fdmy r\u016fzn\u00fdch v\u00fdkonnost\u00ed od t\u00fdm\u016f nehraj\u00edc\u00edch \u017e\u00e1dnou sout\u011b\u017e, a\u017e po t\u00e9m\u011b\u0159 profesion\u00e1ln\u00ed t\u00fdmy.\" \/>\n<meta name=\"robots\" content=\"index, follow, max-snippet:-1, max-image-preview:large, max-video-preview:-1\" \/>\n<link rel=\"canonical\" href=\"https:\/\/pragacup.cz\/leto\/o-turnaji\/\" \/>\n<meta property=\"og:locale\" content=\"cs_CZ\" \/>\n<meta property=\"og:type\" content=\"article\" \/>\n<meta property=\"og:title\" content=\"O turnaji -\" \/>\n<meta property=\"og:description\" content=\"Letn\u00ed mezin\u00e1rodn\u00ed turnaj PragaCup v mal\u00e9m fotbale se uskute\u010dn\u00ed 20. 6. 2020 v Praze, P\u0159edn\u00ed kopanina v are\u00e1lu u Drahu\u0161ky, v bl\u00edzkosti leti\u0161t\u011b Praha. Turnaj se odehraje na 4 venkovn\u00edch travnat\u00fdch h\u0159i\u0161t\u00edch sou\u010dasn\u011b. Pravideln\u011b se \u00fa\u010dastn\u00ed t\u00fdmy r\u016fzn\u00fdch v\u00fdkonnost\u00ed od t\u00fdm\u016f nehraj\u00edc\u00edch \u017e\u00e1dnou sout\u011b\u017e, a\u017e po t\u00e9m\u011b\u0159 profesion\u00e1ln\u00ed t\u00fdmy.\" \/>\n<meta property=\"og:url\" content=\"https:\/\/pragacup.cz\/leto\/o-turnaji\/\" \/>\n<meta property=\"article:modified_time\" content=\"2020-04-29T16:32:43+00:00\" \/>\n<meta property=\"og:image\" content=\"https:\/\/pragacup.cz\/leto\/wp-content\/uploads\/2020\/03\/pragacup_leto.jpg\" \/>\n\t<meta property=\"og:image:width\" content=\"2048\" \/>\n\t<meta property=\"og:image:height\" content=\"1232\" \/>\n\t<meta property=\"og:image:type\" content=\"image\/jpeg\" \/>\n<meta name=\"twitter:card\" content=\"summary_large_image\" \/>\n<script type=\"application\/ld+json\" class=\"yoast-schema-graph\">{\"@context\":\"https:\/\/schema.org\",\"@graph\":[{\"@type\":\"WebPage\",\"@id\":\"https:\/\/pragacup.cz\/leto\/o-turnaji\/\",\"url\":\"https:\/\/pragacup.cz\/leto\/o-turnaji\/\",\"name\":\"O turnaji -\",\"isPartOf\":{\"@id\":\"https:\/\/pragacup.cz\/leto\/#website\"},\"primaryImageOfPage\":{\"@id\":\"https:\/\/pragacup.cz\/leto\/o-turnaji\/#primaryimage\"},\"image\":{\"@id\":\"https:\/\/pragacup.cz\/leto\/o-turnaji\/#primaryimage\"},\"thumbnailUrl\":\"https:\/\/pragacup.cz\/leto\/wp-content\/uploads\/2020\/03\/pragacup_leto.jpg\",\"datePublished\":\"2020-03-22T13:50:53+00:00\",\"dateModified\":\"2020-04-29T16:32:43+00:00\",\"description\":\"Letn\u00ed mezin\u00e1rodn\u00ed turnaj PragaCup v mal\u00e9m fotbale se uskute\u010dn\u00ed 20. 6. 2020 v Praze, P\u0159edn\u00ed kopanina v are\u00e1lu u Drahu\u0161ky, v bl\u00edzkosti leti\u0161t\u011b Praha. Turnaj se odehraje na 4 venkovn\u00edch travnat\u00fdch h\u0159i\u0161t\u00edch sou\u010dasn\u011b. Pravideln\u011b se \u00fa\u010dastn\u00ed t\u00fdmy r\u016fzn\u00fdch v\u00fdkonnost\u00ed od t\u00fdm\u016f nehraj\u00edc\u00edch \u017e\u00e1dnou sout\u011b\u017e, a\u017e po t\u00e9m\u011b\u0159 profesion\u00e1ln\u00ed t\u00fdmy.\",\"breadcrumb\":{\"@id\":\"https:\/\/pragacup.cz\/leto\/o-turnaji\/#breadcrumb\"},\"inLanguage\":\"cs\",\"potentialAction\":[{\"@type\":\"ReadAction\",\"target\":[\"https:\/\/pragacup.cz\/leto\/o-turnaji\/\"]}]},{\"@type\":\"ImageObject\",\"inLanguage\":\"cs\",\"@id\":\"https:\/\/pragacup.cz\/leto\/o-turnaji\/#primaryimage\",\"url\":\"https:\/\/pragacup.cz\/leto\/wp-content\/uploads\/2020\/03\/pragacup_leto.jpg\",\"contentUrl\":\"https:\/\/pragacup.cz\/leto\/wp-content\/uploads\/2020\/03\/pragacup_leto.jpg\",\"width\":2048,\"height\":1232},{\"@type\":\"BreadcrumbList\",\"@id\":\"https:\/\/pragacup.cz\/leto\/o-turnaji\/#breadcrumb\",\"itemListElement\":[{\"@type\":\"ListItem\",\"position\":1,\"name\":\"Dom\u016f\",\"item\":\"https:\/\/pragacup.cz\/leto\/\"},{\"@type\":\"ListItem\",\"position\":2,\"name\":\"O turnaji\"}]},{\"@type\":\"WebSite\",\"@id\":\"https:\/\/pragacup.cz\/leto\/#website\",\"url\":\"https:\/\/pragacup.cz\/leto\/\",\"name\":\"\",\"description\":\"Letn\u00ed fotbalov\u00fd turnaj\",\"potentialAction\":[{\"@type\":\"SearchAction\",\"target\":{\"@type\":\"EntryPoint\",\"urlTemplate\":\"https:\/\/pragacup.cz\/leto\/?s={search_term_string}\"},\"query-input\":\"required name=search_term_string\"}],\"inLanguage\":\"cs\"}]}<\/script>\n<!-- \/ Yoast SEO plugin. -->","yoast_head_json":{"title":"O turnaji -","description":"Letn\u00ed mezin\u00e1rodn\u00ed turnaj PragaCup v mal\u00e9m fotbale se uskute\u010dn\u00ed 20. 6. 2020 v Praze, P\u0159edn\u00ed kopanina v are\u00e1lu u Drahu\u0161ky, v bl\u00edzkosti leti\u0161t\u011b Praha. Turnaj se odehraje na 4 venkovn\u00edch travnat\u00fdch h\u0159i\u0161t\u00edch sou\u010dasn\u011b. Pravideln\u011b se \u00fa\u010dastn\u00ed t\u00fdmy r\u016fzn\u00fdch v\u00fdkonnost\u00ed od t\u00fdm\u016f nehraj\u00edc\u00edch \u017e\u00e1dnou sout\u011b\u017e, a\u017e po t\u00e9m\u011b\u0159 profesion\u00e1ln\u00ed t\u00fdmy.","robots":{"index":"index","follow":"follow","max-snippet":"max-snippet:-1","max-image-preview":"max-image-preview:large","max-video-preview":"max-video-preview:-1"},"canonical":"https:\/\/pragacup.cz\/leto\/o-turnaji\/","og_locale":"cs_CZ","og_type":"article","og_title":"O turnaji -","og_description":"Letn\u00ed mezin\u00e1rodn\u00ed turnaj PragaCup v mal\u00e9m fotbale se uskute\u010dn\u00ed 20. 6. 2020 v Praze, P\u0159edn\u00ed kopanina v are\u00e1lu u Drahu\u0161ky, v bl\u00edzkosti leti\u0161t\u011b Praha. Turnaj se odehraje na 4 venkovn\u00edch travnat\u00fdch h\u0159i\u0161t\u00edch sou\u010dasn\u011b. Pravideln\u011b se \u00fa\u010dastn\u00ed t\u00fdmy r\u016fzn\u00fdch v\u00fdkonnost\u00ed od t\u00fdm\u016f nehraj\u00edc\u00edch \u017e\u00e1dnou sout\u011b\u017e, a\u017e po t\u00e9m\u011b\u0159 profesion\u00e1ln\u00ed t\u00fdmy.","og_url":"https:\/\/pragacup.cz\/leto\/o-turnaji\/","article_modified_time":"2020-04-29T16:32:43+00:00","og_image":[{"width":2048,"height":1232,"url":"https:\/\/pragacup.cz\/leto\/wp-content\/uploads\/2020\/03\/pragacup_leto.jpg","type":"image\/jpeg"}],"twitter_card":"summary_large_image","schema":{"@context":"https:\/\/schema.org","@graph":[{"@type":"WebPage","@id":"https:\/\/pragacup.cz\/leto\/o-turnaji\/","url":"https:\/\/pragacup.cz\/leto\/o-turnaji\/","name":"O turnaji -","isPartOf":{"@id":"https:\/\/pragacup.cz\/leto\/#website"},"primaryImageOfPage":{"@id":"https:\/\/pragacup.cz\/leto\/o-turnaji\/#primaryimage"},"image":{"@id":"https:\/\/pragacup.cz\/leto\/o-turnaji\/#primaryimage"},"thumbnailUrl":"https:\/\/pragacup.cz\/leto\/wp-content\/uploads\/2020\/03\/pragacup_leto.jpg","datePublished":"2020-03-22T13:50:53+00:00","dateModified":"2020-04-29T16:32:43+00:00","description":"Letn\u00ed mezin\u00e1rodn\u00ed turnaj PragaCup v mal\u00e9m fotbale se uskute\u010dn\u00ed 20. 6. 2020 v Praze, P\u0159edn\u00ed kopanina v are\u00e1lu u Drahu\u0161ky, v bl\u00edzkosti leti\u0161t\u011b Praha. Turnaj se odehraje na 4 venkovn\u00edch travnat\u00fdch h\u0159i\u0161t\u00edch sou\u010dasn\u011b. Pravideln\u011b se \u00fa\u010dastn\u00ed t\u00fdmy r\u016fzn\u00fdch v\u00fdkonnost\u00ed od t\u00fdm\u016f nehraj\u00edc\u00edch \u017e\u00e1dnou sout\u011b\u017e, a\u017e po t\u00e9m\u011b\u0159 profesion\u00e1ln\u00ed t\u00fdmy.","breadcrumb":{"@id":"https:\/\/pragacup.cz\/leto\/o-turnaji\/#breadcrumb"},"inLanguage":"cs","potentialAction":[{"@type":"ReadAction","target":["https:\/\/pragacup.cz\/leto\/o-turnaji\/"]}]},{"@type":"ImageObject","inLanguage":"cs","@id":"https:\/\/pragacup.cz\/leto\/o-turnaji\/#primaryimage","url":"https:\/\/pragacup.cz\/leto\/wp-content\/uploads\/2020\/03\/pragacup_leto.jpg","contentUrl":"https:\/\/pragacup.cz\/leto\/wp-content\/uploads\/2020\/03\/pragacup_leto.jpg","width":2048,"height":1232},{"@type":"BreadcrumbList","@id":"https:\/\/pragacup.cz\/leto\/o-turnaji\/#breadcrumb","itemListElement":[{"@type":"ListItem","position":1,"name":"Dom\u016f","item":"https:\/\/pragacup.cz\/leto\/"},{"@type":"ListItem","position":2,"name":"O turnaji"}]},{"@type":"WebSite","@id":"https:\/\/pragacup.cz\/leto\/#website","url":"https:\/\/pragacup.cz\/leto\/","name":"","description":"Letn\u00ed fotbalov\u00fd turnaj","potentialAction":[{"@type":"SearchAction","target":{"@type":"EntryPoint","urlTemplate":"https:\/\/pragacup.cz\/leto\/?s={search_term_string}"},"query-input":"required name=search_term_string"}],"inLanguage":"cs"}]}},"_links":{"self":[{"href":"https:\/\/pragacup.cz\/leto\/wp-json\/wp\/v2\/pages\/3285"}],"collection":[{"href":"https:\/\/pragacup.cz\/leto\/wp-json\/wp\/v2\/pages"}],"about":[{"href":"https:\/\/pragacup.cz\/leto\/wp-json\/wp\/v2\/types\/page"}],"author":[{"embeddable":true,"href":"https:\/\/pragacup.cz\/leto\/wp-json\/wp\/v2\/users\/1"}],"replies":[{"embeddable":true,"href":"https:\/\/pragacup.cz\/leto\/wp-json\/wp\/v2\/comments?post=3285"}],"version-history":[{"count":1,"href":"https:\/\/pragacup.cz\/leto\/wp-json\/wp\/v2\/pages\/3285\/revisions"}],"predecessor-version":[{"id":3287,"href":"https:\/\/pragacup.cz\/leto\/wp-json\/wp\/v2\/pages\/3285\/revisions\/3287"}],"wp:featuredmedia":[{"embeddable":true,"href":"https:\/\/pragacup.cz\/leto\/wp-json\/wp\/v2\/media\/3313"}],"wp:attachment":[{"href":"https:\/\/pragacup.cz\/leto\/wp-json\/wp\/v2\/media?parent=3285"}],"curies":[{"name":"wp","href":"https:\/\/api.w.org\/{rel}","templated":true}]}}