{"id":290,"date":"2018-11-28T14:10:36","date_gmt":"2018-11-28T13:10:36","guid":{"rendered":"https:\/\/pragacup.cz\/leto\/my-account\/"},"modified":"2020-04-29T18:25:58","modified_gmt":"2020-04-29T16:25:58","slug":"muj-ucet","status":"publish","type":"page","link":"https:\/\/pragacup.cz\/leto\/muj-ucet\/","title":{"rendered":"M\u016fj \u00fa\u010det"},"content":{"rendered":"<p>[woocommerce_my_account]<\/p>\n","protected":false},"excerpt":{"rendered":"","protected":false},"author":1,"featured_media":4143,"parent":0,"menu_order":0,"comment_status":"closed","ping_status":"closed","template":"","meta":{"site-sidebar-layout":"default","site-content-layout":"","ast-site-content-layout":"","site-content-style":"default","site-sidebar-style":"default","ast-global-header-display":"","ast-banner-title-visibility":"","ast-main-header-display":"","ast-hfb-above-header-display":"","ast-hfb-below-header-display":"","ast-hfb-mobile-header-display":"","site-post-title":"","ast-breadcrumbs-content":"","ast-featured-img":"","footer-sml-layout":"","theme-transparent-header-meta":"","adv-header-id-meta":"","stick-header-meta":"","header-above-stick-meta":"","header-main-stick-meta":"","header-below-stick-meta":"","astra-migrate-meta-layouts":"default","ast-page-background-enabled":"default","ast-page-background-meta":{"desktop":{"background-color":"var(--ast-global-color-4)","background-image":"","background-repeat":"repeat","background-position":"center center","background-size":"auto","background-attachment":"scroll","background-type":"","background-media":"","overlay-type":"","overlay-color":"","overlay-gradient":""},"tablet":{"background-color":"","background-image":"","background-repeat":"repeat","background-position":"center center","background-size":"auto","background-attachment":"scroll","background-type":"","background-media":"","overlay-type":"","overlay-color":"","overlay-gradient":""},"mobile":{"background-color":"","background-image":"","background-repeat":"repeat","background-position":"center center","background-size":"auto","background-attachment":"scroll","background-type":"","background-media":"","overlay-type":"","overlay-color":"","overlay-gradient":""}},"ast-content-background-meta":{"desktop":{"background-color":"var(--ast-global-color-5)","background-image":"","background-repeat":"repeat","background-position":"center center","background-size":"auto","background-attachment":"scroll","background-type":"","background-media":"","overlay-type":"","overlay-color":"","overlay-gradient":""},"tablet":{"background-color":"var(--ast-global-color-5)","background-image":"","background-repeat":"repeat","background-position":"center center","background-size":"auto","background-attachment":"scroll","background-type":"","background-media":"","overlay-type":"","overlay-color":"","overlay-gradient":""},"mobile":{"background-color":"var(--ast-global-color-5)","background-image":"","background-repeat":"repeat","background-position":"center center","background-size":"auto","background-attachment":"scroll","background-type":"","background-media":"","overlay-type":"","overlay-color":"","overlay-gradient":""}},"footnotes":""},"yoast_head":"<!-- This site is optimized with the Yoast SEO plugin v22.5 - https:\/\/yoast.com\/wordpress\/plugins\/seo\/ -->\n<title>M\u016fj \u00fa\u010det -<\/title>\n<meta name=\"description\" content=\"VIP Startovn\u00e9 startovn\u00e9 na 21. letn\u00ed mezin\u00e1rodn\u00ed turnaj PragaCup.U\u017eijte si turnaj na maximum bez omezen\u00ed. VIP bal\u00ed\u010dek je pro V\u00e1s ide\u00e1ln\u00ed volbou!\" \/>\n<meta name=\"robots\" content=\"index, follow, max-snippet:-1, max-image-preview:large, max-video-preview:-1\" \/>\n<link rel=\"canonical\" href=\"https:\/\/pragacup.cz\/leto\/muj-ucet\/\" \/>\n<meta property=\"og:locale\" content=\"cs_CZ\" \/>\n<meta property=\"og:type\" content=\"article\" \/>\n<meta property=\"og:title\" content=\"M\u016fj \u00fa\u010det -\" \/>\n<meta property=\"og:description\" content=\"VIP Startovn\u00e9 startovn\u00e9 na 21. letn\u00ed mezin\u00e1rodn\u00ed turnaj PragaCup.U\u017eijte si turnaj na maximum bez omezen\u00ed. VIP bal\u00ed\u010dek je pro V\u00e1s ide\u00e1ln\u00ed volbou!\" \/>\n<meta property=\"og:url\" content=\"https:\/\/pragacup.cz\/leto\/muj-ucet\/\" \/>\n<meta property=\"article:modified_time\" content=\"2020-04-29T16:25:58+00:00\" \/>\n<meta property=\"og:image\" content=\"https:\/\/pragacup.cz\/leto\/wp-content\/uploads\/2020\/04\/web_icon_leto_pragacup.png\" \/>\n\t<meta property=\"og:image:width\" content=\"512\" \/>\n\t<meta property=\"og:image:height\" content=\"512\" \/>\n\t<meta property=\"og:image:type\" content=\"image\/png\" \/>\n<meta name=\"twitter:card\" content=\"summary_large_image\" \/>\n<script type=\"application\/ld+json\" class=\"yoast-schema-graph\">{\"@context\":\"https:\/\/schema.org\",\"@graph\":[{\"@type\":\"WebPage\",\"@id\":\"https:\/\/pragacup.cz\/leto\/muj-ucet\/\",\"url\":\"https:\/\/pragacup.cz\/leto\/muj-ucet\/\",\"name\":\"M\u016fj \u00fa\u010det -\",\"isPartOf\":{\"@id\":\"https:\/\/pragacup.cz\/leto\/#website\"},\"primaryImageOfPage\":{\"@id\":\"https:\/\/pragacup.cz\/leto\/muj-ucet\/#primaryimage\"},\"image\":{\"@id\":\"https:\/\/pragacup.cz\/leto\/muj-ucet\/#primaryimage\"},\"thumbnailUrl\":\"https:\/\/pragacup.cz\/leto\/wp-content\/uploads\/2020\/04\/web_icon_leto_pragacup.png\",\"datePublished\":\"2018-11-28T13:10:36+00:00\",\"dateModified\":\"2020-04-29T16:25:58+00:00\",\"description\":\"VIP Startovn\u00e9 startovn\u00e9 na 21. letn\u00ed mezin\u00e1rodn\u00ed turnaj PragaCup.U\u017eijte si turnaj na maximum bez omezen\u00ed. VIP bal\u00ed\u010dek je pro V\u00e1s ide\u00e1ln\u00ed volbou!\",\"breadcrumb\":{\"@id\":\"https:\/\/pragacup.cz\/leto\/muj-ucet\/#breadcrumb\"},\"inLanguage\":\"cs\",\"potentialAction\":[{\"@type\":\"ReadAction\",\"target\":[\"https:\/\/pragacup.cz\/leto\/muj-ucet\/\"]}]},{\"@type\":\"ImageObject\",\"inLanguage\":\"cs\",\"@id\":\"https:\/\/pragacup.cz\/leto\/muj-ucet\/#primaryimage\",\"url\":\"https:\/\/pragacup.cz\/leto\/wp-content\/uploads\/2020\/04\/web_icon_leto_pragacup.png\",\"contentUrl\":\"https:\/\/pragacup.cz\/leto\/wp-content\/uploads\/2020\/04\/web_icon_leto_pragacup.png\",\"width\":512,\"height\":512},{\"@type\":\"BreadcrumbList\",\"@id\":\"https:\/\/pragacup.cz\/leto\/muj-ucet\/#breadcrumb\",\"itemListElement\":[{\"@type\":\"ListItem\",\"position\":1,\"name\":\"Dom\u016f\",\"item\":\"https:\/\/pragacup.cz\/leto\/\"},{\"@type\":\"ListItem\",\"position\":2,\"name\":\"M\u016fj \u00fa\u010det\"}]},{\"@type\":\"WebSite\",\"@id\":\"https:\/\/pragacup.cz\/leto\/#website\",\"url\":\"https:\/\/pragacup.cz\/leto\/\",\"name\":\"\",\"description\":\"Letn\u00ed fotbalov\u00fd turnaj\",\"potentialAction\":[{\"@type\":\"SearchAction\",\"target\":{\"@type\":\"EntryPoint\",\"urlTemplate\":\"https:\/\/pragacup.cz\/leto\/?s={search_term_string}\"},\"query-input\":\"required name=search_term_string\"}],\"inLanguage\":\"cs\"}]}<\/script>\n<!-- \/ Yoast SEO plugin. -->","yoast_head_json":{"title":"M\u016fj \u00fa\u010det -","description":"VIP Startovn\u00e9 startovn\u00e9 na 21. letn\u00ed mezin\u00e1rodn\u00ed turnaj PragaCup.U\u017eijte si turnaj na maximum bez omezen\u00ed. VIP bal\u00ed\u010dek je pro V\u00e1s ide\u00e1ln\u00ed volbou!","robots":{"index":"index","follow":"follow","max-snippet":"max-snippet:-1","max-image-preview":"max-image-preview:large","max-video-preview":"max-video-preview:-1"},"canonical":"https:\/\/pragacup.cz\/leto\/muj-ucet\/","og_locale":"cs_CZ","og_type":"article","og_title":"M\u016fj \u00fa\u010det -","og_description":"VIP Startovn\u00e9 startovn\u00e9 na 21. letn\u00ed mezin\u00e1rodn\u00ed turnaj PragaCup.U\u017eijte si turnaj na maximum bez omezen\u00ed. VIP bal\u00ed\u010dek je pro V\u00e1s ide\u00e1ln\u00ed volbou!","og_url":"https:\/\/pragacup.cz\/leto\/muj-ucet\/","article_modified_time":"2020-04-29T16:25:58+00:00","og_image":[{"width":512,"height":512,"url":"https:\/\/pragacup.cz\/leto\/wp-content\/uploads\/2020\/04\/web_icon_leto_pragacup.png","type":"image\/png"}],"twitter_card":"summary_large_image","schema":{"@context":"https:\/\/schema.org","@graph":[{"@type":"WebPage","@id":"https:\/\/pragacup.cz\/leto\/muj-ucet\/","url":"https:\/\/pragacup.cz\/leto\/muj-ucet\/","name":"M\u016fj \u00fa\u010det -","isPartOf":{"@id":"https:\/\/pragacup.cz\/leto\/#website"},"primaryImageOfPage":{"@id":"https:\/\/pragacup.cz\/leto\/muj-ucet\/#primaryimage"},"image":{"@id":"https:\/\/pragacup.cz\/leto\/muj-ucet\/#primaryimage"},"thumbnailUrl":"https:\/\/pragacup.cz\/leto\/wp-content\/uploads\/2020\/04\/web_icon_leto_pragacup.png","datePublished":"2018-11-28T13:10:36+00:00","dateModified":"2020-04-29T16:25:58+00:00","description":"VIP Startovn\u00e9 startovn\u00e9 na 21. letn\u00ed mezin\u00e1rodn\u00ed turnaj PragaCup.U\u017eijte si turnaj na maximum bez omezen\u00ed. VIP bal\u00ed\u010dek je pro V\u00e1s ide\u00e1ln\u00ed volbou!","breadcrumb":{"@id":"https:\/\/pragacup.cz\/leto\/muj-ucet\/#breadcrumb"},"inLanguage":"cs","potentialAction":[{"@type":"ReadAction","target":["https:\/\/pragacup.cz\/leto\/muj-ucet\/"]}]},{"@type":"ImageObject","inLanguage":"cs","@id":"https:\/\/pragacup.cz\/leto\/muj-ucet\/#primaryimage","url":"https:\/\/pragacup.cz\/leto\/wp-content\/uploads\/2020\/04\/web_icon_leto_pragacup.png","contentUrl":"https:\/\/pragacup.cz\/leto\/wp-content\/uploads\/2020\/04\/web_icon_leto_pragacup.png","width":512,"height":512},{"@type":"BreadcrumbList","@id":"https:\/\/pragacup.cz\/leto\/muj-ucet\/#breadcrumb","itemListElement":[{"@type":"ListItem","position":1,"name":"Dom\u016f","item":"https:\/\/pragacup.cz\/leto\/"},{"@type":"ListItem","position":2,"name":"M\u016fj \u00fa\u010det"}]},{"@type":"WebSite","@id":"https:\/\/pragacup.cz\/leto\/#website","url":"https:\/\/pragacup.cz\/leto\/","name":"","description":"Letn\u00ed fotbalov\u00fd turnaj","potentialAction":[{"@type":"SearchAction","target":{"@type":"EntryPoint","urlTemplate":"https:\/\/pragacup.cz\/leto\/?s={search_term_string}"},"query-input":"required name=search_term_string"}],"inLanguage":"cs"}]}},"_links":{"self":[{"href":"https:\/\/pragacup.cz\/leto\/wp-json\/wp\/v2\/pages\/290"}],"collection":[{"href":"https:\/\/pragacup.cz\/leto\/wp-json\/wp\/v2\/pages"}],"about":[{"href":"https:\/\/pragacup.cz\/leto\/wp-json\/wp\/v2\/types\/page"}],"author":[{"embeddable":true,"href":"https:\/\/pragacup.cz\/leto\/wp-json\/wp\/v2\/users\/1"}],"replies":[{"embeddable":true,"href":"https:\/\/pragacup.cz\/leto\/wp-json\/wp\/v2\/comments?post=290"}],"version-history":[{"count":1,"href":"https:\/\/pragacup.cz\/leto\/wp-json\/wp\/v2\/pages\/290\/revisions"}],"predecessor-version":[{"id":4057,"href":"https:\/\/pragacup.cz\/leto\/wp-json\/wp\/v2\/pages\/290\/revisions\/4057"}],"wp:featuredmedia":[{"embeddable":true,"href":"https:\/\/pragacup.cz\/leto\/wp-json\/wp\/v2\/media\/4143"}],"wp:attachment":[{"href":"https:\/\/pragacup.cz\/leto\/wp-json\/wp\/v2\/media?parent=290"}],"curies":[{"name":"wp","href":"https:\/\/api.w.org\/{rel}","templated":true}]}}