{"id":288,"date":"2018-11-28T14:10:36","date_gmt":"2018-11-28T13:10:36","guid":{"rendered":"https:\/\/pragacup.cz\/leto\/cart\/"},"modified":"2020-04-29T18:19:30","modified_gmt":"2020-04-29T16:19:30","slug":"kosik","status":"publish","type":"page","link":"https:\/\/pragacup.cz\/leto\/kosik\/","title":{"rendered":"Ko\u0161\u00edk"},"content":{"rendered":"<p>[woocommerce_cart]<\/p>\n","protected":false},"excerpt":{"rendered":"","protected":false},"author":1,"featured_media":4143,"parent":0,"menu_order":0,"comment_status":"closed","ping_status":"closed","template":"","meta":{"site-sidebar-layout":"default","site-content-layout":"","ast-site-content-layout":"","site-content-style":"default","site-sidebar-style":"default","ast-global-header-display":"","ast-banner-title-visibility":"","ast-main-header-display":"","ast-hfb-above-header-display":"","ast-hfb-below-header-display":"","ast-hfb-mobile-header-display":"","site-post-title":"","ast-breadcrumbs-content":"","ast-featured-img":"","footer-sml-layout":"","theme-transparent-header-meta":"","adv-header-id-meta":"","stick-header-meta":"","header-above-stick-meta":"","header-main-stick-meta":"","header-below-stick-meta":"","astra-migrate-meta-layouts":"default","ast-page-background-enabled":"default","ast-page-background-meta":{"desktop":{"background-color":"var(--ast-global-color-4)","background-image":"","background-repeat":"repeat","background-position":"center center","background-size":"auto","background-attachment":"scroll","background-type":"","background-media":"","overlay-type":"","overlay-color":"","overlay-gradient":""},"tablet":{"background-color":"","background-image":"","background-repeat":"repeat","background-position":"center center","background-size":"auto","background-attachment":"scroll","background-type":"","background-media":"","overlay-type":"","overlay-color":"","overlay-gradient":""},"mobile":{"background-color":"","background-image":"","background-repeat":"repeat","background-position":"center center","background-size":"auto","background-attachment":"scroll","background-type":"","background-media":"","overlay-type":"","overlay-color":"","overlay-gradient":""}},"ast-content-background-meta":{"desktop":{"background-color":"var(--ast-global-color-5)","background-image":"","background-repeat":"repeat","background-position":"center center","background-size":"auto","background-attachment":"scroll","background-type":"","background-media":"","overlay-type":"","overlay-color":"","overlay-gradient":""},"tablet":{"background-color":"var(--ast-global-color-5)","background-image":"","background-repeat":"repeat","background-position":"center center","background-size":"auto","background-attachment":"scroll","background-type":"","background-media":"","overlay-type":"","overlay-color":"","overlay-gradient":""},"mobile":{"background-color":"var(--ast-global-color-5)","background-image":"","background-repeat":"repeat","background-position":"center center","background-size":"auto","background-attachment":"scroll","background-type":"","background-media":"","overlay-type":"","overlay-color":"","overlay-gradient":""}},"footnotes":""},"yoast_head":"<!-- This site is optimized with the Yoast SEO plugin v22.5 - https:\/\/yoast.com\/wordpress\/plugins\/seo\/ -->\n<title>Ko\u0161\u00edk -<\/title>\n<meta name=\"description\" content=\"Z\u00e1kladn\u00ed startovn\u00e9 na 21. letn\u00ed mezin\u00e1rodn\u00ed turnaj PragaCup (20. 6. 2020). U\u017eijte si spoustu z\u00e1bavy, radosti, dobr\u00e9 spole\u010dnosti a v\u00edt\u011bzstv\u00ed v are\u00e1lu U Drahu\u0161ky.\" \/>\n<meta name=\"robots\" content=\"index, follow, max-snippet:-1, max-image-preview:large, max-video-preview:-1\" \/>\n<link rel=\"canonical\" href=\"https:\/\/pragacup.cz\/leto\/kosik\/\" \/>\n<meta property=\"og:locale\" content=\"cs_CZ\" \/>\n<meta property=\"og:type\" content=\"article\" \/>\n<meta property=\"og:title\" content=\"Ko\u0161\u00edk -\" \/>\n<meta property=\"og:description\" content=\"Z\u00e1kladn\u00ed startovn\u00e9 na 21. letn\u00ed mezin\u00e1rodn\u00ed turnaj PragaCup (20. 6. 2020). U\u017eijte si spoustu z\u00e1bavy, radosti, dobr\u00e9 spole\u010dnosti a v\u00edt\u011bzstv\u00ed v are\u00e1lu U Drahu\u0161ky.\" \/>\n<meta property=\"og:url\" content=\"https:\/\/pragacup.cz\/leto\/kosik\/\" \/>\n<meta property=\"article:modified_time\" content=\"2020-04-29T16:19:30+00:00\" \/>\n<meta property=\"og:image\" content=\"https:\/\/pragacup.cz\/leto\/wp-content\/uploads\/2020\/04\/web_icon_leto_pragacup.png\" \/>\n\t<meta property=\"og:image:width\" content=\"512\" \/>\n\t<meta property=\"og:image:height\" content=\"512\" \/>\n\t<meta property=\"og:image:type\" content=\"image\/png\" \/>\n<meta name=\"twitter:card\" content=\"summary_large_image\" \/>\n<script type=\"application\/ld+json\" class=\"yoast-schema-graph\">{\"@context\":\"https:\/\/schema.org\",\"@graph\":[{\"@type\":\"WebPage\",\"@id\":\"https:\/\/pragacup.cz\/leto\/kosik\/\",\"url\":\"https:\/\/pragacup.cz\/leto\/kosik\/\",\"name\":\"Ko\u0161\u00edk -\",\"isPartOf\":{\"@id\":\"https:\/\/pragacup.cz\/leto\/#website\"},\"primaryImageOfPage\":{\"@id\":\"https:\/\/pragacup.cz\/leto\/kosik\/#primaryimage\"},\"image\":{\"@id\":\"https:\/\/pragacup.cz\/leto\/kosik\/#primaryimage\"},\"thumbnailUrl\":\"https:\/\/pragacup.cz\/leto\/wp-content\/uploads\/2020\/04\/web_icon_leto_pragacup.png\",\"datePublished\":\"2018-11-28T13:10:36+00:00\",\"dateModified\":\"2020-04-29T16:19:30+00:00\",\"description\":\"Z\u00e1kladn\u00ed startovn\u00e9 na 21. letn\u00ed mezin\u00e1rodn\u00ed turnaj PragaCup (20. 6. 2020). U\u017eijte si spoustu z\u00e1bavy, radosti, dobr\u00e9 spole\u010dnosti a v\u00edt\u011bzstv\u00ed v are\u00e1lu U Drahu\u0161ky.\",\"breadcrumb\":{\"@id\":\"https:\/\/pragacup.cz\/leto\/kosik\/#breadcrumb\"},\"inLanguage\":\"cs\",\"potentialAction\":[{\"@type\":\"ReadAction\",\"target\":[\"https:\/\/pragacup.cz\/leto\/kosik\/\"]}]},{\"@type\":\"ImageObject\",\"inLanguage\":\"cs\",\"@id\":\"https:\/\/pragacup.cz\/leto\/kosik\/#primaryimage\",\"url\":\"https:\/\/pragacup.cz\/leto\/wp-content\/uploads\/2020\/04\/web_icon_leto_pragacup.png\",\"contentUrl\":\"https:\/\/pragacup.cz\/leto\/wp-content\/uploads\/2020\/04\/web_icon_leto_pragacup.png\",\"width\":512,\"height\":512},{\"@type\":\"BreadcrumbList\",\"@id\":\"https:\/\/pragacup.cz\/leto\/kosik\/#breadcrumb\",\"itemListElement\":[{\"@type\":\"ListItem\",\"position\":1,\"name\":\"Dom\u016f\",\"item\":\"https:\/\/pragacup.cz\/leto\/\"},{\"@type\":\"ListItem\",\"position\":2,\"name\":\"Ko\u0161\u00edk\"}]},{\"@type\":\"WebSite\",\"@id\":\"https:\/\/pragacup.cz\/leto\/#website\",\"url\":\"https:\/\/pragacup.cz\/leto\/\",\"name\":\"\",\"description\":\"Letn\u00ed fotbalov\u00fd turnaj\",\"potentialAction\":[{\"@type\":\"SearchAction\",\"target\":{\"@type\":\"EntryPoint\",\"urlTemplate\":\"https:\/\/pragacup.cz\/leto\/?s={search_term_string}\"},\"query-input\":\"required name=search_term_string\"}],\"inLanguage\":\"cs\"}]}<\/script>\n<!-- \/ Yoast SEO plugin. -->","yoast_head_json":{"title":"Ko\u0161\u00edk -","description":"Z\u00e1kladn\u00ed startovn\u00e9 na 21. letn\u00ed mezin\u00e1rodn\u00ed turnaj PragaCup (20. 6. 2020). U\u017eijte si spoustu z\u00e1bavy, radosti, dobr\u00e9 spole\u010dnosti a v\u00edt\u011bzstv\u00ed v are\u00e1lu U Drahu\u0161ky.","robots":{"index":"index","follow":"follow","max-snippet":"max-snippet:-1","max-image-preview":"max-image-preview:large","max-video-preview":"max-video-preview:-1"},"canonical":"https:\/\/pragacup.cz\/leto\/kosik\/","og_locale":"cs_CZ","og_type":"article","og_title":"Ko\u0161\u00edk -","og_description":"Z\u00e1kladn\u00ed startovn\u00e9 na 21. letn\u00ed mezin\u00e1rodn\u00ed turnaj PragaCup (20. 6. 2020). U\u017eijte si spoustu z\u00e1bavy, radosti, dobr\u00e9 spole\u010dnosti a v\u00edt\u011bzstv\u00ed v are\u00e1lu U Drahu\u0161ky.","og_url":"https:\/\/pragacup.cz\/leto\/kosik\/","article_modified_time":"2020-04-29T16:19:30+00:00","og_image":[{"width":512,"height":512,"url":"https:\/\/pragacup.cz\/leto\/wp-content\/uploads\/2020\/04\/web_icon_leto_pragacup.png","type":"image\/png"}],"twitter_card":"summary_large_image","schema":{"@context":"https:\/\/schema.org","@graph":[{"@type":"WebPage","@id":"https:\/\/pragacup.cz\/leto\/kosik\/","url":"https:\/\/pragacup.cz\/leto\/kosik\/","name":"Ko\u0161\u00edk -","isPartOf":{"@id":"https:\/\/pragacup.cz\/leto\/#website"},"primaryImageOfPage":{"@id":"https:\/\/pragacup.cz\/leto\/kosik\/#primaryimage"},"image":{"@id":"https:\/\/pragacup.cz\/leto\/kosik\/#primaryimage"},"thumbnailUrl":"https:\/\/pragacup.cz\/leto\/wp-content\/uploads\/2020\/04\/web_icon_leto_pragacup.png","datePublished":"2018-11-28T13:10:36+00:00","dateModified":"2020-04-29T16:19:30+00:00","description":"Z\u00e1kladn\u00ed startovn\u00e9 na 21. letn\u00ed mezin\u00e1rodn\u00ed turnaj PragaCup (20. 6. 2020). U\u017eijte si spoustu z\u00e1bavy, radosti, dobr\u00e9 spole\u010dnosti a v\u00edt\u011bzstv\u00ed v are\u00e1lu U Drahu\u0161ky.","breadcrumb":{"@id":"https:\/\/pragacup.cz\/leto\/kosik\/#breadcrumb"},"inLanguage":"cs","potentialAction":[{"@type":"ReadAction","target":["https:\/\/pragacup.cz\/leto\/kosik\/"]}]},{"@type":"ImageObject","inLanguage":"cs","@id":"https:\/\/pragacup.cz\/leto\/kosik\/#primaryimage","url":"https:\/\/pragacup.cz\/leto\/wp-content\/uploads\/2020\/04\/web_icon_leto_pragacup.png","contentUrl":"https:\/\/pragacup.cz\/leto\/wp-content\/uploads\/2020\/04\/web_icon_leto_pragacup.png","width":512,"height":512},{"@type":"BreadcrumbList","@id":"https:\/\/pragacup.cz\/leto\/kosik\/#breadcrumb","itemListElement":[{"@type":"ListItem","position":1,"name":"Dom\u016f","item":"https:\/\/pragacup.cz\/leto\/"},{"@type":"ListItem","position":2,"name":"Ko\u0161\u00edk"}]},{"@type":"WebSite","@id":"https:\/\/pragacup.cz\/leto\/#website","url":"https:\/\/pragacup.cz\/leto\/","name":"","description":"Letn\u00ed fotbalov\u00fd turnaj","potentialAction":[{"@type":"SearchAction","target":{"@type":"EntryPoint","urlTemplate":"https:\/\/pragacup.cz\/leto\/?s={search_term_string}"},"query-input":"required name=search_term_string"}],"inLanguage":"cs"}]}},"_links":{"self":[{"href":"https:\/\/pragacup.cz\/leto\/wp-json\/wp\/v2\/pages\/288"}],"collection":[{"href":"https:\/\/pragacup.cz\/leto\/wp-json\/wp\/v2\/pages"}],"about":[{"href":"https:\/\/pragacup.cz\/leto\/wp-json\/wp\/v2\/types\/page"}],"author":[{"embeddable":true,"href":"https:\/\/pragacup.cz\/leto\/wp-json\/wp\/v2\/users\/1"}],"replies":[{"embeddable":true,"href":"https:\/\/pragacup.cz\/leto\/wp-json\/wp\/v2\/comments?post=288"}],"version-history":[{"count":1,"href":"https:\/\/pragacup.cz\/leto\/wp-json\/wp\/v2\/pages\/288\/revisions"}],"predecessor-version":[{"id":4056,"href":"https:\/\/pragacup.cz\/leto\/wp-json\/wp\/v2\/pages\/288\/revisions\/4056"}],"wp:featuredmedia":[{"embeddable":true,"href":"https:\/\/pragacup.cz\/leto\/wp-json\/wp\/v2\/media\/4143"}],"wp:attachment":[{"href":"https:\/\/pragacup.cz\/leto\/wp-json\/wp\/v2\/media?parent=288"}],"curies":[{"name":"wp","href":"https:\/\/api.w.org\/{rel}","templated":true}]}}